{"id":898,"date":"2023-03-31T09:43:53","date_gmt":"2023-03-31T09:43:53","guid":{"rendered":"https:\/\/sosyete.de\/?page_id=898"},"modified":"2023-10-26T13:38:31","modified_gmt":"2023-10-26T13:38:31","slug":"impressum","status":"publish","type":"page","link":"https:\/\/sosyete.de\/tr\/impressum\/","title":{"rendered":"Impressum"},"content":{"rendered":"<h5 class=\"wp-block-heading\">Angaben gem\u00e4\u00df \u00a7 5 TMG:<\/h5>\n\n\n\n<h2 class=\"wp-block-heading\">Impressum<\/h2>\n\n\n\n<h2 class=\"wp-block-heading\">&nbsp;<\/h2>\n\n\n\n<h3 class=\"wp-block-heading\">Betreiber<\/h3>\n\n\n\n<p>Ilknur Aydin<br>Konrad-Dreher-Str. 20<br>80689 M\u00fcnchen<\/p>\n\n\n\n<h3 class=\"wp-block-heading\">Ust.Id.-Nr.<\/h3>\n\n\n\n<p>DE324872789<\/p>\n\n\n\n<h3 class=\"wp-block-heading\">Kontakt:<\/h3>\n\n\n\n<p>0177-788 9020<\/p>\n\n\n\n<p>Hochzeit@sosyete.de<\/p>\n\n\n\n<h2 class=\"wp-block-heading\">Hinweise<\/h2>\n\n\n\n<h2 class=\"wp-block-heading\">Information gem\u00e4\u00df \u00a7 36 VSBG<\/h2>\n\n\n\n<p>Gem\u00e4\u00df \u00a7 36 VSBG (Verbraucherstreitbeilegungsgesetz) erkl\u00e4rt der Betreiber dieser Website:<\/p>\n\n\n\n<p>Wir sind weder bereit noch verpflichtet an Streitbeilegungsverfahren vor einer Verbraucherschlichtungsstelle teilzunehmen.<\/p>\n\n\n\n<p>Die Plattform der EU zur au\u00dfergerichtlichen Streitbeilegung finden Sie unter folgendem Link: <a href=\"https:\/\/ec.europa.eu\/consumers\/odr\/\">https:\/\/ec.europa.eu\/consumers\/odr\/<\/a><\/p>\n\n\n\n<p><strong>Disclaimer \u2013 rechtliche Hinweise<\/strong><\/p>\n\n\n\n<p>Hier gelangen Sie zu unserer <a href=\"https:\/\/mucbyte.com\/datenschutzerklaerung\/\">Datenschutzerkl\u00e4rung<\/a> f\u00fcr diese Webseite<\/p>\n\n\n\n<p>\u00a7 1 Haftungsbeschr\u00e4nkung<br>Die Inhalte dieser Website werden mit gr\u00f6\u00dftm\u00f6glicher Sorgfalt erstellt. Der<br>Anbieter \u00fcbernimmt jedoch keine Gew\u00e4hr f\u00fcr die Richtigkeit, Vollst\u00e4ndigkeit und Aktualit\u00e4t der bereitgestellten Inhalte. Die Nutzung der Inhalte der Website erfolgt auf eigene Gefahr des Nutzers. Namentlich gekennzeichnete Beitr\u00e4ge geben die Meinung des jeweiligen Autors und nicht immer die Meinung des Anbieters wieder. Mit der reinen Nutzung der Website des Anbieters kommt keinerlei Vertragsverh\u00e4ltnis zwischen dem Nutzer und dem Anbieter zustande.<\/p>\n\n\n\n<p>\u00a7 2 Externe Links<br>Diese Website enth\u00e4lt Verkn\u00fcpfungen zu Websites Dritter (\u201cexterne Links\u201d).<br>Diese Websites unterliegen der Haftung der jeweiligen Betreiber. Der<br>Anbieter hat bei der erstmaligen Verkn\u00fcpfung der externen Links die fremden Inhalte daraufhin \u00fcberpr\u00fcft, ob etwaige Rechtsverst\u00f6\u00dfe bestehen. Zu dem Zeitpunkt waren keine Rechtsverst\u00f6\u00dfe ersichtlich. Der Anbieter hat keinerlei Einfluss auf die aktuelle und zuk\u00fcnftige Gestaltung und auf die Inhalte der verkn\u00fcpften Seiten. Das Setzen von externen Links bedeutet nicht, dass sich der Anbieter die hinter dem Verweis oder Link liegenden Inhalte zu Eigen macht. Eine st\u00e4ndige Kontrolle der externen Links ist f\u00fcr den Anbieter ohne konkrete Hinweise auf Rechtsverst\u00f6\u00dfe nicht zumutbar. Bei Kenntnis von Rechtsverst\u00f6\u00dfen werden jedoch derartige externe Links unverz\u00fcglich gel\u00f6scht.<\/p>\n\n\n\n<p>\u00a7 3 Urheber- und Leistungsschutzrechte<br>Die auf dieser Website ver\u00f6ffentlichten Inhalte unterliegen dem deutschen<br>Urheber- und Leistungsschutzrecht. Jede vom deutschen Urheber- und<br>Leistungsschutzrecht nicht zugelassene Verwertung bedarf der vorherigen<br>schriftlichen Zustimmung des Anbieters oder jeweiligen Rechteinhabers. Dies gilt insbesondere f\u00fcr Vervielf\u00e4ltigung, Bearbeitung, \u00dcbersetzung,<br>Einspeicherung, Verarbeitung bzw. Wiedergabe von Inhalten in Datenbanken oder anderen elektronischen Medien und Systemen. Inhalte und Rechte Dritter sind dabei als solche gekennzeichnet. Die unerlaubte Vervielf\u00e4ltigung oder Weitergabe einzelner Inhalte oder kompletter Seiten ist nicht gestattet und strafbar. Lediglich die Herstellung von Kopien und Downloads f\u00fcr den pers\u00f6nlichen, privaten und nicht kommerziellen Gebrauch ist erlaubt.<\/p>\n\n\n\n<p>\u00a7 4 Besondere Nutzungsbedingungen<br>Soweit besondere Bedingungen f\u00fcr einzelne Nutzungen dieser Website von den vorgenannten Paragraphen abweichen, wird an entsprechender Stelle<br>ausdr\u00fccklich darauf hingewiesen. In diesem Falle gelten im jeweiligen<br>Einzelfall die besonderen Nutzungsbedingungen.<\/p>","protected":false},"excerpt":{"rendered":"<p>Angaben gem\u00e4\u00df \u00a7 5 TMG: Impressum &nbsp; Betreiber Ilknur AydinKonrad-Dreher-Str. 2080689 M\u00fcnchen Ust.Id.-Nr. DE324872789 Kontakt: 0177-788 9020 Hochzeit@sosyete.de Hinweise Information gem\u00e4\u00df \u00a7 36 VSBG Gem\u00e4\u00df \u00a7 36 VSBG (Verbraucherstreitbeilegungsgesetz) erkl\u00e4rt der Betreiber dieser Website: Wir sind weder bereit noch verpflichtet an Streitbeilegungsverfahren vor einer Verbraucherschlichtungsstelle teilzunehmen. Die Plattform der EU zur au\u00dfergerichtlichen Streitbeilegung finden Sie &#8230; <a title=\"Impressum\" class=\"read-more\" href=\"https:\/\/sosyete.de\/tr\/impressum\/\" aria-label=\"Read more about Impressum\">Read more<\/a><\/p>","protected":false},"author":1,"featured_media":0,"parent":0,"menu_order":0,"comment_status":"closed","ping_status":"closed","template":"","meta":{"footnotes":""},"class_list":["post-898","page","type-page","status-publish"],"yoast_head":"<!-- This site is optimized with the Yoast SEO plugin v27.5 - https:\/\/yoast.com\/product\/yoast-seo-wordpress\/ -->\n<title>Impressum - Sosyete<\/title>\n<meta name=\"description\" content=\"Impressum von Sosyete\" \/>\n<meta name=\"robots\" content=\"index, follow, max-snippet:-1, max-image-preview:large, max-video-preview:-1\" \/>\n<link rel=\"canonical\" href=\"https:\/\/sosyete.de\/tr\/impressum\/\" \/>\n<meta property=\"og:locale\" content=\"tr_TR\" \/>\n<meta property=\"og:type\" content=\"article\" \/>\n<meta property=\"og:title\" content=\"Impressum - Sosyete\" \/>\n<meta property=\"og:description\" content=\"Impressum von Sosyete\" \/>\n<meta property=\"og:url\" content=\"https:\/\/sosyete.de\/tr\/impressum\/\" \/>\n<meta property=\"og:site_name\" content=\"Sosyete\" \/>\n<meta property=\"article:modified_time\" content=\"2023-10-26T13:38:31+00:00\" \/>\n<meta name=\"twitter:card\" content=\"summary_large_image\" \/>\n<meta name=\"twitter:label1\" content=\"Tahmini okuma s\u00fcresi\" \/>\n\t<meta name=\"twitter:data1\" content=\"3 dakika\" \/>\n<script type=\"application\/ld+json\" class=\"yoast-schema-graph\">{\"@context\":\"https:\\\/\\\/schema.org\",\"@graph\":[{\"@type\":\"WebPage\",\"@id\":\"https:\\\/\\\/sosyete.de\\\/impressum\\\/\",\"url\":\"https:\\\/\\\/sosyete.de\\\/impressum\\\/\",\"name\":\"Impressum - Sosyete\",\"isPartOf\":{\"@id\":\"https:\\\/\\\/sosyete.de\\\/#website\"},\"datePublished\":\"2023-03-31T09:43:53+00:00\",\"dateModified\":\"2023-10-26T13:38:31+00:00\",\"description\":\"Impressum von Sosyete\",\"breadcrumb\":{\"@id\":\"https:\\\/\\\/sosyete.de\\\/impressum\\\/#breadcrumb\"},\"inLanguage\":\"tr\",\"potentialAction\":[{\"@type\":\"ReadAction\",\"target\":[\"https:\\\/\\\/sosyete.de\\\/impressum\\\/\"]}]},{\"@type\":\"BreadcrumbList\",\"@id\":\"https:\\\/\\\/sosyete.de\\\/impressum\\\/#breadcrumb\",\"itemListElement\":[{\"@type\":\"ListItem\",\"position\":1,\"name\":\"Home\",\"item\":\"https:\\\/\\\/sosyete.de\\\/\"},{\"@type\":\"ListItem\",\"position\":2,\"name\":\"Impressum\"}]},{\"@type\":\"WebSite\",\"@id\":\"https:\\\/\\\/sosyete.de\\\/#website\",\"url\":\"https:\\\/\\\/sosyete.de\\\/\",\"name\":\"Sosyete\",\"description\":\"Hochzeitsplanung &amp; Hochzeitssaal \\\/ Eventlocation \\\/ Hochzeitlocation\",\"potentialAction\":[{\"@type\":\"SearchAction\",\"target\":{\"@type\":\"EntryPoint\",\"urlTemplate\":\"https:\\\/\\\/sosyete.de\\\/?s={search_term_string}\"},\"query-input\":{\"@type\":\"PropertyValueSpecification\",\"valueRequired\":true,\"valueName\":\"search_term_string\"}}],\"inLanguage\":\"tr\"}]}<\/script>\n<!-- \/ Yoast SEO plugin. -->","yoast_head_json":{"title":"Impressum - Sosyete","description":"Impressum von Sosyete","robots":{"index":"index","follow":"follow","max-snippet":"max-snippet:-1","max-image-preview":"max-image-preview:large","max-video-preview":"max-video-preview:-1"},"canonical":"https:\/\/sosyete.de\/tr\/impressum\/","og_locale":"tr_TR","og_type":"article","og_title":"Impressum - Sosyete","og_description":"Impressum von Sosyete","og_url":"https:\/\/sosyete.de\/tr\/impressum\/","og_site_name":"Sosyete","article_modified_time":"2023-10-26T13:38:31+00:00","twitter_card":"summary_large_image","twitter_misc":{"Tahmini okuma s\u00fcresi":"3 dakika"},"schema":{"@context":"https:\/\/schema.org","@graph":[{"@type":"WebPage","@id":"https:\/\/sosyete.de\/impressum\/","url":"https:\/\/sosyete.de\/impressum\/","name":"Impressum - Sosyete","isPartOf":{"@id":"https:\/\/sosyete.de\/#website"},"datePublished":"2023-03-31T09:43:53+00:00","dateModified":"2023-10-26T13:38:31+00:00","description":"Impressum von Sosyete","breadcrumb":{"@id":"https:\/\/sosyete.de\/impressum\/#breadcrumb"},"inLanguage":"tr","potentialAction":[{"@type":"ReadAction","target":["https:\/\/sosyete.de\/impressum\/"]}]},{"@type":"BreadcrumbList","@id":"https:\/\/sosyete.de\/impressum\/#breadcrumb","itemListElement":[{"@type":"ListItem","position":1,"name":"Home","item":"https:\/\/sosyete.de\/"},{"@type":"ListItem","position":2,"name":"Impressum"}]},{"@type":"WebSite","@id":"https:\/\/sosyete.de\/#website","url":"https:\/\/sosyete.de\/","name":"Sosyete","description":"Hochzeitsplanung &amp; Hochzeitssaal \/ Eventlocation \/ Hochzeitlocation","potentialAction":[{"@type":"SearchAction","target":{"@type":"EntryPoint","urlTemplate":"https:\/\/sosyete.de\/?s={search_term_string}"},"query-input":{"@type":"PropertyValueSpecification","valueRequired":true,"valueName":"search_term_string"}}],"inLanguage":"tr"}]}},"jetpack_sharing_enabled":true,"_links":{"self":[{"href":"https:\/\/sosyete.de\/tr\/wp-json\/wp\/v2\/pages\/898","targetHints":{"allow":["GET"]}}],"collection":[{"href":"https:\/\/sosyete.de\/tr\/wp-json\/wp\/v2\/pages"}],"about":[{"href":"https:\/\/sosyete.de\/tr\/wp-json\/wp\/v2\/types\/page"}],"author":[{"embeddable":true,"href":"https:\/\/sosyete.de\/tr\/wp-json\/wp\/v2\/users\/1"}],"replies":[{"embeddable":true,"href":"https:\/\/sosyete.de\/tr\/wp-json\/wp\/v2\/comments?post=898"}],"version-history":[{"count":4,"href":"https:\/\/sosyete.de\/tr\/wp-json\/wp\/v2\/pages\/898\/revisions"}],"predecessor-version":[{"id":1020,"href":"https:\/\/sosyete.de\/tr\/wp-json\/wp\/v2\/pages\/898\/revisions\/1020"}],"wp:attachment":[{"href":"https:\/\/sosyete.de\/tr\/wp-json\/wp\/v2\/media?parent=898"}],"curies":[{"name":"wp","href":"https:\/\/api.w.org\/{rel}","templated":true}]}}