{"id":893,"date":"2023-03-31T09:39:51","date_gmt":"2023-03-31T09:39:51","guid":{"rendered":"https:\/\/sosyete.de\/?page_id=893"},"modified":"2025-02-07T09:39:25","modified_gmt":"2025-02-07T09:39:25","slug":"hochzeitssaal-3","status":"publish","type":"page","link":"https:\/\/sosyete.de\/tr\/locations\/hochzeitssaal-3\/","title":{"rendered":"D\u00fc\u011f\u00fcnSalonu 3"},"content":{"rendered":"<div class=\"wp-block-jetpack-tiled-gallery aligncenter is-style-rectangular\"><div class=\"\"><div class=\"tiled-gallery__gallery\"><div class=\"tiled-gallery__row\"><div class=\"tiled-gallery__col\" style=\"flex-basis:66.74689%\"><figure class=\"tiled-gallery__item\"><img decoding=\"async\" srcset=\"https:\/\/i2.wp.com\/sosyete.de\/wp-content\/uploads\/IMG_5459-1024x768.jpg?strip=info&#038;w=600&#038;ssl=1 600w,https:\/\/i2.wp.com\/sosyete.de\/wp-content\/uploads\/IMG_5459-1024x768.jpg?strip=info&#038;w=900&#038;ssl=1 900w,https:\/\/i2.wp.com\/sosyete.de\/wp-content\/uploads\/IMG_5459-1024x768.jpg?strip=info&#038;w=1200&#038;ssl=1 1200w,https:\/\/i2.wp.com\/sosyete.de\/wp-content\/uploads\/IMG_5459-1024x768.jpg?strip=info&#038;w=1500&#038;ssl=1 1500w,https:\/\/i2.wp.com\/sosyete.de\/wp-content\/uploads\/IMG_5459-1024x768.jpg?strip=info&#038;w=1800&#038;ssl=1 1800w,https:\/\/i2.wp.com\/sosyete.de\/wp-content\/uploads\/IMG_5459-1024x768.jpg?strip=info&#038;w=2000&#038;ssl=1 2000w\" alt=\"\" data-height=\"1920\" data-id=\"1435\" data-link=\"https:\/\/sosyete.de\/locations\/hochzeitssaal-3\/img_5459\/#main\" data-url=\"https:\/\/sosyete.de\/wp-content\/uploads\/IMG_5459-1024x768.jpg\" data-width=\"2560\" src=\"https:\/\/i2.wp.com\/sosyete.de\/wp-content\/uploads\/IMG_5459-1024x768.jpg?ssl=1\" data-amp-layout=\"responsive\" tabindex=\"0\" role=\"button\" aria-label=\"Bild\u00a01 von 11 im Vollbildmodus \u00f6ffnen\"\/><\/figure><\/div><div class=\"tiled-gallery__col\" style=\"flex-basis:33.25311%\"><figure class=\"tiled-gallery__item\"><img decoding=\"async\" srcset=\"https:\/\/i2.wp.com\/sosyete.de\/wp-content\/uploads\/IMG_5461-1024x768.jpg?strip=info&#038;w=600&#038;ssl=1 600w,https:\/\/i2.wp.com\/sosyete.de\/wp-content\/uploads\/IMG_5461-1024x768.jpg?strip=info&#038;w=900&#038;ssl=1 900w,https:\/\/i2.wp.com\/sosyete.de\/wp-content\/uploads\/IMG_5461-1024x768.jpg?strip=info&#038;w=1200&#038;ssl=1 1200w,https:\/\/i2.wp.com\/sosyete.de\/wp-content\/uploads\/IMG_5461-1024x768.jpg?strip=info&#038;w=1500&#038;ssl=1 1500w,https:\/\/i2.wp.com\/sosyete.de\/wp-content\/uploads\/IMG_5461-1024x768.jpg?strip=info&#038;w=1800&#038;ssl=1 1800w,https:\/\/i2.wp.com\/sosyete.de\/wp-content\/uploads\/IMG_5461-1024x768.jpg?strip=info&#038;w=2000&#038;ssl=1 2000w\" alt=\"\" data-height=\"1920\" data-id=\"1437\" data-link=\"https:\/\/sosyete.de\/locations\/hochzeitssaal-3\/img_5461\/#main\" data-url=\"https:\/\/sosyete.de\/wp-content\/uploads\/IMG_5461-1024x768.jpg\" data-width=\"2560\" src=\"https:\/\/i2.wp.com\/sosyete.de\/wp-content\/uploads\/IMG_5461-1024x768.jpg?ssl=1\" data-amp-layout=\"responsive\" tabindex=\"0\" role=\"button\" aria-label=\"Bild\u00a02 von 11 im Vollbildmodus \u00f6ffnen\"\/><\/figure><figure class=\"tiled-gallery__item\"><img decoding=\"async\" srcset=\"https:\/\/i1.wp.com\/sosyete.de\/wp-content\/uploads\/IMG_5462-1024x768.jpg?strip=info&#038;w=600&#038;ssl=1 600w,https:\/\/i1.wp.com\/sosyete.de\/wp-content\/uploads\/IMG_5462-1024x768.jpg?strip=info&#038;w=900&#038;ssl=1 900w,https:\/\/i1.wp.com\/sosyete.de\/wp-content\/uploads\/IMG_5462-1024x768.jpg?strip=info&#038;w=1200&#038;ssl=1 1200w,https:\/\/i1.wp.com\/sosyete.de\/wp-content\/uploads\/IMG_5462-1024x768.jpg?strip=info&#038;w=1500&#038;ssl=1 1500w,https:\/\/i1.wp.com\/sosyete.de\/wp-content\/uploads\/IMG_5462-1024x768.jpg?strip=info&#038;w=1800&#038;ssl=1 1800w,https:\/\/i1.wp.com\/sosyete.de\/wp-content\/uploads\/IMG_5462-1024x768.jpg?strip=info&#038;w=2000&#038;ssl=1 2000w\" alt=\"\" data-height=\"1920\" data-id=\"1438\" data-link=\"https:\/\/sosyete.de\/locations\/hochzeitssaal-3\/img_5462\/#main\" data-url=\"https:\/\/sosyete.de\/wp-content\/uploads\/IMG_5462-1024x768.jpg\" data-width=\"2560\" src=\"https:\/\/i1.wp.com\/sosyete.de\/wp-content\/uploads\/IMG_5462-1024x768.jpg?ssl=1\" data-amp-layout=\"responsive\" tabindex=\"0\" role=\"button\" aria-label=\"Bild\u00a03 von 11 im Vollbildmodus \u00f6ffnen\"\/><\/figure><\/div><\/div><div class=\"tiled-gallery__row\"><div class=\"tiled-gallery__col\" style=\"flex-basis:33.33333%\"><figure class=\"tiled-gallery__item\"><img decoding=\"async\" srcset=\"https:\/\/i0.wp.com\/sosyete.de\/wp-content\/uploads\/IMG_5463-1024x768.jpg?strip=info&#038;w=600&#038;ssl=1 600w,https:\/\/i0.wp.com\/sosyete.de\/wp-content\/uploads\/IMG_5463-1024x768.jpg?strip=info&#038;w=900&#038;ssl=1 900w,https:\/\/i0.wp.com\/sosyete.de\/wp-content\/uploads\/IMG_5463-1024x768.jpg?strip=info&#038;w=1200&#038;ssl=1 1200w,https:\/\/i0.wp.com\/sosyete.de\/wp-content\/uploads\/IMG_5463-1024x768.jpg?strip=info&#038;w=1500&#038;ssl=1 1500w,https:\/\/i0.wp.com\/sosyete.de\/wp-content\/uploads\/IMG_5463-1024x768.jpg?strip=info&#038;w=1800&#038;ssl=1 1800w,https:\/\/i0.wp.com\/sosyete.de\/wp-content\/uploads\/IMG_5463-1024x768.jpg?strip=info&#038;w=2000&#038;ssl=1 2000w\" alt=\"\" data-height=\"1920\" data-id=\"1439\" data-link=\"https:\/\/sosyete.de\/locations\/hochzeitssaal-3\/img_5463\/#main\" data-url=\"https:\/\/sosyete.de\/wp-content\/uploads\/IMG_5463-1024x768.jpg\" data-width=\"2560\" src=\"https:\/\/i0.wp.com\/sosyete.de\/wp-content\/uploads\/IMG_5463-1024x768.jpg?ssl=1\" data-amp-layout=\"responsive\" tabindex=\"0\" role=\"button\" aria-label=\"Bild\u00a04 von 11 im Vollbildmodus \u00f6ffnen\"\/><\/figure><\/div><div class=\"tiled-gallery__col\" style=\"flex-basis:33.33333%\"><figure class=\"tiled-gallery__item\"><img decoding=\"async\" srcset=\"https:\/\/i1.wp.com\/sosyete.de\/wp-content\/uploads\/IMG_5464-1024x768.jpg?strip=info&#038;w=600&#038;ssl=1 600w,https:\/\/i1.wp.com\/sosyete.de\/wp-content\/uploads\/IMG_5464-1024x768.jpg?strip=info&#038;w=900&#038;ssl=1 900w,https:\/\/i1.wp.com\/sosyete.de\/wp-content\/uploads\/IMG_5464-1024x768.jpg?strip=info&#038;w=1200&#038;ssl=1 1200w,https:\/\/i1.wp.com\/sosyete.de\/wp-content\/uploads\/IMG_5464-1024x768.jpg?strip=info&#038;w=1500&#038;ssl=1 1500w,https:\/\/i1.wp.com\/sosyete.de\/wp-content\/uploads\/IMG_5464-1024x768.jpg?strip=info&#038;w=1800&#038;ssl=1 1800w,https:\/\/i1.wp.com\/sosyete.de\/wp-content\/uploads\/IMG_5464-1024x768.jpg?strip=info&#038;w=2000&#038;ssl=1 2000w\" alt=\"\" data-height=\"1920\" data-id=\"1440\" data-link=\"https:\/\/sosyete.de\/locations\/hochzeitssaal-3\/img_5464\/#main\" data-url=\"https:\/\/sosyete.de\/wp-content\/uploads\/IMG_5464-1024x768.jpg\" data-width=\"2560\" src=\"https:\/\/i1.wp.com\/sosyete.de\/wp-content\/uploads\/IMG_5464-1024x768.jpg?ssl=1\" data-amp-layout=\"responsive\" tabindex=\"0\" role=\"button\" aria-label=\"Bild\u00a05 von 11 im Vollbildmodus \u00f6ffnen\"\/><\/figure><\/div><div class=\"tiled-gallery__col\" style=\"flex-basis:33.33333%\"><figure class=\"tiled-gallery__item\"><img decoding=\"async\" srcset=\"https:\/\/i1.wp.com\/sosyete.de\/wp-content\/uploads\/IMG_5465-1024x768.jpg?strip=info&#038;w=600&#038;ssl=1 600w,https:\/\/i1.wp.com\/sosyete.de\/wp-content\/uploads\/IMG_5465-1024x768.jpg?strip=info&#038;w=900&#038;ssl=1 900w,https:\/\/i1.wp.com\/sosyete.de\/wp-content\/uploads\/IMG_5465-1024x768.jpg?strip=info&#038;w=1200&#038;ssl=1 1200w,https:\/\/i1.wp.com\/sosyete.de\/wp-content\/uploads\/IMG_5465-1024x768.jpg?strip=info&#038;w=1500&#038;ssl=1 1500w,https:\/\/i1.wp.com\/sosyete.de\/wp-content\/uploads\/IMG_5465-1024x768.jpg?strip=info&#038;w=1800&#038;ssl=1 1800w,https:\/\/i1.wp.com\/sosyete.de\/wp-content\/uploads\/IMG_5465-1024x768.jpg?strip=info&#038;w=2000&#038;ssl=1 2000w\" alt=\"\" data-height=\"1920\" data-id=\"1441\" data-link=\"https:\/\/sosyete.de\/locations\/hochzeitssaal-3\/img_5465\/#main\" data-url=\"https:\/\/sosyete.de\/wp-content\/uploads\/IMG_5465-1024x768.jpg\" data-width=\"2560\" src=\"https:\/\/i1.wp.com\/sosyete.de\/wp-content\/uploads\/IMG_5465-1024x768.jpg?ssl=1\" data-amp-layout=\"responsive\" tabindex=\"0\" role=\"button\" aria-label=\"Bild\u00a06 von 11 im Vollbildmodus \u00f6ffnen\"\/><\/figure><\/div><\/div><div class=\"tiled-gallery__row\"><div class=\"tiled-gallery__col\" style=\"flex-basis:33.25311%\"><figure class=\"tiled-gallery__item\"><img decoding=\"async\" srcset=\"https:\/\/i0.wp.com\/sosyete.de\/wp-content\/uploads\/IMG_5466-1024x768.jpg?strip=info&#038;w=600&#038;ssl=1 600w,https:\/\/i0.wp.com\/sosyete.de\/wp-content\/uploads\/IMG_5466-1024x768.jpg?strip=info&#038;w=900&#038;ssl=1 900w,https:\/\/i0.wp.com\/sosyete.de\/wp-content\/uploads\/IMG_5466-1024x768.jpg?strip=info&#038;w=1200&#038;ssl=1 1200w,https:\/\/i0.wp.com\/sosyete.de\/wp-content\/uploads\/IMG_5466-1024x768.jpg?strip=info&#038;w=1500&#038;ssl=1 1500w,https:\/\/i0.wp.com\/sosyete.de\/wp-content\/uploads\/IMG_5466-1024x768.jpg?strip=info&#038;w=1800&#038;ssl=1 1800w,https:\/\/i0.wp.com\/sosyete.de\/wp-content\/uploads\/IMG_5466-1024x768.jpg?strip=info&#038;w=2000&#038;ssl=1 2000w\" alt=\"\" data-height=\"1920\" data-id=\"1442\" data-link=\"https:\/\/sosyete.de\/locations\/hochzeitssaal-3\/img_5466\/#main\" data-url=\"https:\/\/sosyete.de\/wp-content\/uploads\/IMG_5466-1024x768.jpg\" data-width=\"2560\" src=\"https:\/\/i0.wp.com\/sosyete.de\/wp-content\/uploads\/IMG_5466-1024x768.jpg?ssl=1\" data-amp-layout=\"responsive\" tabindex=\"0\" role=\"button\" aria-label=\"Bild\u00a07 von 11 im Vollbildmodus \u00f6ffnen\"\/><\/figure><figure class=\"tiled-gallery__item\"><img decoding=\"async\" srcset=\"https:\/\/i0.wp.com\/sosyete.de\/wp-content\/uploads\/IMG_5467-1024x768.jpg?strip=info&#038;w=600&#038;ssl=1 600w,https:\/\/i0.wp.com\/sosyete.de\/wp-content\/uploads\/IMG_5467-1024x768.jpg?strip=info&#038;w=900&#038;ssl=1 900w,https:\/\/i0.wp.com\/sosyete.de\/wp-content\/uploads\/IMG_5467-1024x768.jpg?strip=info&#038;w=1200&#038;ssl=1 1200w,https:\/\/i0.wp.com\/sosyete.de\/wp-content\/uploads\/IMG_5467-1024x768.jpg?strip=info&#038;w=1500&#038;ssl=1 1500w,https:\/\/i0.wp.com\/sosyete.de\/wp-content\/uploads\/IMG_5467-1024x768.jpg?strip=info&#038;w=1800&#038;ssl=1 1800w,https:\/\/i0.wp.com\/sosyete.de\/wp-content\/uploads\/IMG_5467-1024x768.jpg?strip=info&#038;w=2000&#038;ssl=1 2000w\" alt=\"\" data-height=\"1920\" data-id=\"1443\" data-link=\"https:\/\/sosyete.de\/locations\/hochzeitssaal-3\/img_5467\/#main\" data-url=\"https:\/\/sosyete.de\/wp-content\/uploads\/IMG_5467-1024x768.jpg\" data-width=\"2560\" src=\"https:\/\/i0.wp.com\/sosyete.de\/wp-content\/uploads\/IMG_5467-1024x768.jpg?ssl=1\" data-amp-layout=\"responsive\" tabindex=\"0\" role=\"button\" aria-label=\"Bild\u00a08 von 11 im Vollbildmodus \u00f6ffnen\"\/><\/figure><\/div><div class=\"tiled-gallery__col\" style=\"flex-basis:66.74689%\"><figure class=\"tiled-gallery__item\"><img decoding=\"async\" srcset=\"https:\/\/i2.wp.com\/sosyete.de\/wp-content\/uploads\/IMG_5468-1024x768.jpg?strip=info&#038;w=600&#038;ssl=1 600w,https:\/\/i2.wp.com\/sosyete.de\/wp-content\/uploads\/IMG_5468-1024x768.jpg?strip=info&#038;w=900&#038;ssl=1 900w,https:\/\/i2.wp.com\/sosyete.de\/wp-content\/uploads\/IMG_5468-1024x768.jpg?strip=info&#038;w=1200&#038;ssl=1 1200w,https:\/\/i2.wp.com\/sosyete.de\/wp-content\/uploads\/IMG_5468-1024x768.jpg?strip=info&#038;w=1500&#038;ssl=1 1500w,https:\/\/i2.wp.com\/sosyete.de\/wp-content\/uploads\/IMG_5468-1024x768.jpg?strip=info&#038;w=1800&#038;ssl=1 1800w,https:\/\/i2.wp.com\/sosyete.de\/wp-content\/uploads\/IMG_5468-1024x768.jpg?strip=info&#038;w=2000&#038;ssl=1 2000w\" alt=\"\" data-height=\"1920\" data-id=\"1444\" data-link=\"https:\/\/sosyete.de\/locations\/hochzeitssaal-3\/img_5468\/#main\" data-url=\"https:\/\/sosyete.de\/wp-content\/uploads\/IMG_5468-1024x768.jpg\" data-width=\"2560\" src=\"https:\/\/i2.wp.com\/sosyete.de\/wp-content\/uploads\/IMG_5468-1024x768.jpg?ssl=1\" data-amp-layout=\"responsive\" tabindex=\"0\" role=\"button\" aria-label=\"Bild\u00a09 von 11 im Vollbildmodus \u00f6ffnen\"\/><\/figure><\/div><\/div><div class=\"tiled-gallery__row\"><div class=\"tiled-gallery__col\" style=\"flex-basis:42.79232%\"><figure class=\"tiled-gallery__item\"><img decoding=\"async\" srcset=\"https:\/\/i0.wp.com\/sosyete.de\/wp-content\/uploads\/IMG_5469-1024x768.jpg?strip=info&#038;w=600&#038;ssl=1 600w,https:\/\/i0.wp.com\/sosyete.de\/wp-content\/uploads\/IMG_5469-1024x768.jpg?strip=info&#038;w=900&#038;ssl=1 900w,https:\/\/i0.wp.com\/sosyete.de\/wp-content\/uploads\/IMG_5469-1024x768.jpg?strip=info&#038;w=1200&#038;ssl=1 1200w,https:\/\/i0.wp.com\/sosyete.de\/wp-content\/uploads\/IMG_5469-1024x768.jpg?strip=info&#038;w=1500&#038;ssl=1 1500w,https:\/\/i0.wp.com\/sosyete.de\/wp-content\/uploads\/IMG_5469-1024x768.jpg?strip=info&#038;w=1800&#038;ssl=1 1800w,https:\/\/i0.wp.com\/sosyete.de\/wp-content\/uploads\/IMG_5469-1024x768.jpg?strip=info&#038;w=2000&#038;ssl=1 2000w\" alt=\"\" data-height=\"1920\" data-id=\"1445\" data-link=\"https:\/\/sosyete.de\/locations\/hochzeitssaal-3\/img_5469\/#main\" data-url=\"https:\/\/sosyete.de\/wp-content\/uploads\/IMG_5469-1024x768.jpg\" data-width=\"2560\" src=\"https:\/\/i0.wp.com\/sosyete.de\/wp-content\/uploads\/IMG_5469-1024x768.jpg?ssl=1\" data-amp-layout=\"responsive\" tabindex=\"0\" role=\"button\" aria-label=\"Bild\u00a010 von 11 im Vollbildmodus \u00f6ffnen\"\/><\/figure><\/div><div class=\"tiled-gallery__col\" style=\"flex-basis:57.20768%\"><figure class=\"tiled-gallery__item\"><img decoding=\"async\" srcset=\"https:\/\/i1.wp.com\/sosyete.de\/wp-content\/uploads\/1101153_2ffa655a7115edefa006d56baf0481cd.jpg?strip=info&#038;w=600&#038;ssl=1 600w,https:\/\/i1.wp.com\/sosyete.de\/wp-content\/uploads\/1101153_2ffa655a7115edefa006d56baf0481cd.jpg?strip=info&#038;w=900&#038;ssl=1 900w,https:\/\/i1.wp.com\/sosyete.de\/wp-content\/uploads\/1101153_2ffa655a7115edefa006d56baf0481cd.jpg?strip=info&#038;w=1024&#038;ssl=1 1024w\" alt=\"\" data-height=\"574\" data-id=\"1446\" data-link=\"https:\/\/sosyete.de\/locations\/hochzeitssaal-3\/1101153_2ffa655a7115edefa006d56baf0481cd\/#main\" data-url=\"https:\/\/sosyete.de\/wp-content\/uploads\/1101153_2ffa655a7115edefa006d56baf0481cd.jpg\" data-width=\"1024\" src=\"https:\/\/i1.wp.com\/sosyete.de\/wp-content\/uploads\/1101153_2ffa655a7115edefa006d56baf0481cd.jpg?ssl=1\" data-amp-layout=\"responsive\" tabindex=\"0\" role=\"button\" aria-label=\"Bild\u00a011 von 11 im Vollbildmodus \u00f6ffnen\"\/><\/figure><\/div><\/div><\/div><\/div><\/div>\n\n\n\n<p><\/p>","protected":false},"excerpt":{"rendered":"","protected":false},"author":1,"featured_media":0,"parent":47,"menu_order":2,"comment_status":"closed","ping_status":"closed","template":"","meta":{"footnotes":""},"class_list":["post-893","page","type-page","status-publish"],"yoast_head":"<!-- This site is optimized with the Yoast SEO plugin v27.5 - https:\/\/yoast.com\/product\/yoast-seo-wordpress\/ -->\n<title>Hochzeitssaal in M\u00fcnchen bis zu 550 Personen | - Sosyete | Jetzt Anfragen<\/title>\n<meta name=\"description\" content=\"Hochzeitssaal f\u00fcr 550 Personen in M\u00fcnchen | Eventlocation M\u00fcnchen | Jetzt Traumhochzeit buchen in M\u00fcnchen.\" \/>\n<meta name=\"robots\" content=\"index, follow, max-snippet:-1, max-image-preview:large, max-video-preview:-1\" \/>\n<link rel=\"canonical\" href=\"https:\/\/sosyete.de\/tr\/locations\/hochzeitssaal-3\/\" \/>\n<meta property=\"og:locale\" content=\"tr_TR\" \/>\n<meta property=\"og:type\" content=\"article\" \/>\n<meta property=\"og:title\" content=\"Hochzeitssaal in M\u00fcnchen bis zu 550 Personen | - Sosyete | Jetzt Anfragen\" \/>\n<meta property=\"og:description\" content=\"Hochzeitssaal f\u00fcr 550 Personen in M\u00fcnchen | Eventlocation M\u00fcnchen | Jetzt Traumhochzeit buchen in M\u00fcnchen.\" \/>\n<meta property=\"og:url\" content=\"https:\/\/sosyete.de\/tr\/locations\/hochzeitssaal-3\/\" \/>\n<meta property=\"og:site_name\" content=\"Sosyete\" \/>\n<meta property=\"article:modified_time\" content=\"2025-02-07T09:39:25+00:00\" \/>\n<meta property=\"og:image\" content=\"https:\/\/i2.wp.com\/sosyete.de\/wp-content\/uploads\/IMG_5459-1024x768.jpg?ssl=1\" \/>\n<meta name=\"twitter:card\" content=\"summary_large_image\" \/>\n<meta name=\"twitter:label1\" content=\"Tahmini okuma s\u00fcresi\" \/>\n\t<meta name=\"twitter:data1\" content=\"3 dakika\" \/>\n<script type=\"application\/ld+json\" class=\"yoast-schema-graph\">{\"@context\":\"https:\\\/\\\/schema.org\",\"@graph\":[{\"@type\":\"WebPage\",\"@id\":\"https:\\\/\\\/sosyete.de\\\/locations\\\/hochzeitssaal-3\\\/\",\"url\":\"https:\\\/\\\/sosyete.de\\\/locations\\\/hochzeitssaal-3\\\/\",\"name\":\"Hochzeitssaal in M\u00fcnchen bis zu 550 Personen | - Sosyete | Jetzt Anfragen\",\"isPartOf\":{\"@id\":\"https:\\\/\\\/sosyete.de\\\/#website\"},\"primaryImageOfPage\":{\"@id\":\"https:\\\/\\\/sosyete.de\\\/locations\\\/hochzeitssaal-3\\\/#primaryimage\"},\"image\":{\"@id\":\"https:\\\/\\\/sosyete.de\\\/locations\\\/hochzeitssaal-3\\\/#primaryimage\"},\"thumbnailUrl\":\"https:\\\/\\\/i2.wp.com\\\/sosyete.de\\\/wp-content\\\/uploads\\\/IMG_5459-1024x768.jpg?ssl=1\",\"datePublished\":\"2023-03-31T09:39:51+00:00\",\"dateModified\":\"2025-02-07T09:39:25+00:00\",\"description\":\"Hochzeitssaal f\u00fcr 550 Personen in M\u00fcnchen | Eventlocation M\u00fcnchen | Jetzt Traumhochzeit buchen in M\u00fcnchen.\",\"breadcrumb\":{\"@id\":\"https:\\\/\\\/sosyete.de\\\/locations\\\/hochzeitssaal-3\\\/#breadcrumb\"},\"inLanguage\":\"tr\",\"potentialAction\":[{\"@type\":\"ReadAction\",\"target\":[\"https:\\\/\\\/sosyete.de\\\/locations\\\/hochzeitssaal-3\\\/\"]}]},{\"@type\":\"ImageObject\",\"inLanguage\":\"tr\",\"@id\":\"https:\\\/\\\/sosyete.de\\\/locations\\\/hochzeitssaal-3\\\/#primaryimage\",\"url\":\"https:\\\/\\\/i2.wp.com\\\/sosyete.de\\\/wp-content\\\/uploads\\\/IMG_5459-1024x768.jpg?ssl=1\",\"contentUrl\":\"https:\\\/\\\/i2.wp.com\\\/sosyete.de\\\/wp-content\\\/uploads\\\/IMG_5459-1024x768.jpg?ssl=1\"},{\"@type\":\"BreadcrumbList\",\"@id\":\"https:\\\/\\\/sosyete.de\\\/locations\\\/hochzeitssaal-3\\\/#breadcrumb\",\"itemListElement\":[{\"@type\":\"ListItem\",\"position\":1,\"name\":\"Home\",\"item\":\"https:\\\/\\\/sosyete.de\\\/\"},{\"@type\":\"ListItem\",\"position\":2,\"name\":\"Locations\",\"item\":\"https:\\\/\\\/sosyete.de\\\/locations\\\/\"},{\"@type\":\"ListItem\",\"position\":3,\"name\":\"Hochzeitssaal 3\"}]},{\"@type\":\"WebSite\",\"@id\":\"https:\\\/\\\/sosyete.de\\\/#website\",\"url\":\"https:\\\/\\\/sosyete.de\\\/\",\"name\":\"Sosyete\",\"description\":\"Hochzeitsplanung &amp; Hochzeitssaal \\\/ Eventlocation \\\/ Hochzeitlocation\",\"potentialAction\":[{\"@type\":\"SearchAction\",\"target\":{\"@type\":\"EntryPoint\",\"urlTemplate\":\"https:\\\/\\\/sosyete.de\\\/?s={search_term_string}\"},\"query-input\":{\"@type\":\"PropertyValueSpecification\",\"valueRequired\":true,\"valueName\":\"search_term_string\"}}],\"inLanguage\":\"tr\"}]}<\/script>\n<!-- \/ Yoast SEO plugin. -->","yoast_head_json":{"title":"Hochzeitssaal in M\u00fcnchen bis zu 550 Personen | - Sosyete | Jetzt Anfragen","description":"Hochzeitssaal f\u00fcr 550 Personen in M\u00fcnchen | Eventlocation M\u00fcnchen | Jetzt Traumhochzeit buchen in M\u00fcnchen.","robots":{"index":"index","follow":"follow","max-snippet":"max-snippet:-1","max-image-preview":"max-image-preview:large","max-video-preview":"max-video-preview:-1"},"canonical":"https:\/\/sosyete.de\/tr\/locations\/hochzeitssaal-3\/","og_locale":"tr_TR","og_type":"article","og_title":"Hochzeitssaal in M\u00fcnchen bis zu 550 Personen | - Sosyete | Jetzt Anfragen","og_description":"Hochzeitssaal f\u00fcr 550 Personen in M\u00fcnchen | Eventlocation M\u00fcnchen | Jetzt Traumhochzeit buchen in M\u00fcnchen.","og_url":"https:\/\/sosyete.de\/tr\/locations\/hochzeitssaal-3\/","og_site_name":"Sosyete","article_modified_time":"2025-02-07T09:39:25+00:00","og_image":[{"url":"https:\/\/i2.wp.com\/sosyete.de\/wp-content\/uploads\/IMG_5459-1024x768.jpg?ssl=1","type":"","width":"","height":""}],"twitter_card":"summary_large_image","twitter_misc":{"Tahmini okuma s\u00fcresi":"3 dakika"},"schema":{"@context":"https:\/\/schema.org","@graph":[{"@type":"WebPage","@id":"https:\/\/sosyete.de\/locations\/hochzeitssaal-3\/","url":"https:\/\/sosyete.de\/locations\/hochzeitssaal-3\/","name":"Hochzeitssaal in M\u00fcnchen bis zu 550 Personen | - Sosyete | Jetzt Anfragen","isPartOf":{"@id":"https:\/\/sosyete.de\/#website"},"primaryImageOfPage":{"@id":"https:\/\/sosyete.de\/locations\/hochzeitssaal-3\/#primaryimage"},"image":{"@id":"https:\/\/sosyete.de\/locations\/hochzeitssaal-3\/#primaryimage"},"thumbnailUrl":"https:\/\/i2.wp.com\/sosyete.de\/wp-content\/uploads\/IMG_5459-1024x768.jpg?ssl=1","datePublished":"2023-03-31T09:39:51+00:00","dateModified":"2025-02-07T09:39:25+00:00","description":"Hochzeitssaal f\u00fcr 550 Personen in M\u00fcnchen | Eventlocation M\u00fcnchen | Jetzt Traumhochzeit buchen in M\u00fcnchen.","breadcrumb":{"@id":"https:\/\/sosyete.de\/locations\/hochzeitssaal-3\/#breadcrumb"},"inLanguage":"tr","potentialAction":[{"@type":"ReadAction","target":["https:\/\/sosyete.de\/locations\/hochzeitssaal-3\/"]}]},{"@type":"ImageObject","inLanguage":"tr","@id":"https:\/\/sosyete.de\/locations\/hochzeitssaal-3\/#primaryimage","url":"https:\/\/i2.wp.com\/sosyete.de\/wp-content\/uploads\/IMG_5459-1024x768.jpg?ssl=1","contentUrl":"https:\/\/i2.wp.com\/sosyete.de\/wp-content\/uploads\/IMG_5459-1024x768.jpg?ssl=1"},{"@type":"BreadcrumbList","@id":"https:\/\/sosyete.de\/locations\/hochzeitssaal-3\/#breadcrumb","itemListElement":[{"@type":"ListItem","position":1,"name":"Home","item":"https:\/\/sosyete.de\/"},{"@type":"ListItem","position":2,"name":"Locations","item":"https:\/\/sosyete.de\/locations\/"},{"@type":"ListItem","position":3,"name":"Hochzeitssaal 3"}]},{"@type":"WebSite","@id":"https:\/\/sosyete.de\/#website","url":"https:\/\/sosyete.de\/","name":"Sosyete","description":"Hochzeitsplanung &amp; Hochzeitssaal \/ Eventlocation \/ Hochzeitlocation","potentialAction":[{"@type":"SearchAction","target":{"@type":"EntryPoint","urlTemplate":"https:\/\/sosyete.de\/?s={search_term_string}"},"query-input":{"@type":"PropertyValueSpecification","valueRequired":true,"valueName":"search_term_string"}}],"inLanguage":"tr"}]}},"jetpack_sharing_enabled":true,"_links":{"self":[{"href":"https:\/\/sosyete.de\/tr\/wp-json\/wp\/v2\/pages\/893","targetHints":{"allow":["GET"]}}],"collection":[{"href":"https:\/\/sosyete.de\/tr\/wp-json\/wp\/v2\/pages"}],"about":[{"href":"https:\/\/sosyete.de\/tr\/wp-json\/wp\/v2\/types\/page"}],"author":[{"embeddable":true,"href":"https:\/\/sosyete.de\/tr\/wp-json\/wp\/v2\/users\/1"}],"replies":[{"embeddable":true,"href":"https:\/\/sosyete.de\/tr\/wp-json\/wp\/v2\/comments?post=893"}],"version-history":[{"count":9,"href":"https:\/\/sosyete.de\/tr\/wp-json\/wp\/v2\/pages\/893\/revisions"}],"predecessor-version":[{"id":1447,"href":"https:\/\/sosyete.de\/tr\/wp-json\/wp\/v2\/pages\/893\/revisions\/1447"}],"up":[{"embeddable":true,"href":"https:\/\/sosyete.de\/tr\/wp-json\/wp\/v2\/pages\/47"}],"wp:attachment":[{"href":"https:\/\/sosyete.de\/tr\/wp-json\/wp\/v2\/media?parent=893"}],"curies":[{"name":"wp","href":"https:\/\/api.w.org\/{rel}","templated":true}]}}