{"id":850,"date":"2023-03-24T13:44:52","date_gmt":"2023-03-24T13:44:52","guid":{"rendered":"https:\/\/sosyete.de\/?page_id=850"},"modified":"2025-02-07T09:36:33","modified_gmt":"2025-02-07T09:36:33","slug":"galerie","status":"publish","type":"page","link":"https:\/\/sosyete.de\/tr\/galerie\/","title":{"rendered":"Galeri"},"content":{"rendered":"<div data-elementor-type=\"wp-page\" data-elementor-id=\"850\" class=\"elementor elementor-850\" data-elementor-post-type=\"page\">\n\t\t\t\t<div class=\"elementor-element elementor-element-e7febb4 e-flex e-con-boxed e-con e-parent\" data-id=\"e7febb4\" data-element_type=\"container\" data-e-type=\"container\">\n\t\t\t\t\t<div class=\"e-con-inner\">\n\t\t<div class=\"elementor-element elementor-element-cbaa2ab e-con-full e-flex e-con e-child\" data-id=\"cbaa2ab\" data-element_type=\"container\" data-e-type=\"container\">\n\t\t\t\t<div class=\"elementor-element elementor-element-7996177 elementor-widget elementor-widget-image\" data-id=\"7996177\" data-element_type=\"widget\" data-e-type=\"widget\" data-widget_type=\"image.default\">\n\t\t\t\t<div class=\"elementor-widget-container\">\n\t\t\t\t\t\t\t\t\t\t\t\t\t\t\t<img decoding=\"async\" src=\"https:\/\/sosyete.de\/wp-content\/uploads\/thumbnail_image1-2.jpg\" title=\"Sosyete Hochzeitsaal M\u00fcnchen\" alt=\"Sosyete Hochzeitssaal M\u00fcnchen hochzeit@sosyete.de www.sosyete.de 01777889020  #sosyete #sosyetehochzeitssaal #d\u00fcg\u00fcn #hochzeit #m\u00fcnchencity #hochzeitssaalm\u00fcnchen #eventplanner #hochzeitstorte #hochzeitsdeko #hochzeit #d\u00fcg\u00fcnorganizasyon #orkestra # m\u00fcnih #starnberg #dachau #oberschlei\u00dfheim #event #eventcenter #hochzeitsplanung #sosyete.de #eventlocationoberschleissheim #hochzeitssaaldachau #unique #uniqueeventsaal #hochzeitssaaldachau #eventlocationdachau #d\u00fcg\u00fcnsalonuoberschlei\u00dfheim #d\u00fcg\u00fcnsalonum\u00fcnih #d\u00fcg\u00fcnsalonum\u00fcnchen\" loading=\"lazy\" \/>\t\t\t\t\t\t\t\t\t\t\t\t\t\t\t<\/div>\n\t\t\t\t<\/div>\n\t\t\t\t<div class=\"elementor-element elementor-element-bb9a132 elementor-widget elementor-widget-icon-box\" data-id=\"bb9a132\" data-element_type=\"widget\" data-e-type=\"widget\" data-widget_type=\"icon-box.default\">\n\t\t\t\t<div class=\"elementor-widget-container\">\n\t\t\t\t\t\t\t<div class=\"elementor-icon-box-wrapper\">\n\n\t\t\t\n\t\t\t\t\t\t<div class=\"elementor-icon-box-content\">\n\n\t\t\t\t\t\t\t\t\t<h3 class=\"elementor-icon-box-title\">\n\t\t\t\t\t\t<span  >\n\t\t\t\t\t\t\tDekor\t\t\t\t\t\t<\/span>\n\t\t\t\t\t<\/h3>\n\t\t\t\t\n\t\t\t\t\t\t\t\t\t<p class=\"elementor-icon-box-description\">\n\t\t\t\t\t\tStilvolle Dekoration f\u00fcr deine Hochzeit \u2013 von eleganten Tischarrangements bis hin zu romantischen Highlights f\u00fcr eine unvergessliche Atmosph\u00e4re.\t\t\t\t\t<\/p>\n\t\t\t\t\n\t\t\t<\/div>\n\t\t\t\n\t\t<\/div>\n\t\t\t\t\t\t<\/div>\n\t\t\t\t<\/div>\n\t\t\t\t<div class=\"elementor-element elementor-element-982a16b elementor-align-center elementor-widget elementor-widget-button\" data-id=\"982a16b\" data-element_type=\"widget\" data-e-type=\"widget\" data-widget_type=\"button.default\">\n\t\t\t\t<div class=\"elementor-widget-container\">\n\t\t\t\t\t\t\t\t\t<div class=\"elementor-button-wrapper\">\n\t\t\t\t\t<a class=\"elementor-button elementor-button-link elementor-size-sm\" href=\"https:\/\/sosyete.de\/tr\/galerie\/dekoration\/\">\n\t\t\t\t\t\t<span class=\"elementor-button-content-wrapper\">\n\t\t\t\t\t\t\t\t\t<span class=\"elementor-button-text\">Fotos ansehen<\/span>\n\t\t\t\t\t<\/span>\n\t\t\t\t\t<\/a>\n\t\t\t\t<\/div>\n\t\t\t\t\t\t\t\t<\/div>\n\t\t\t\t<\/div>\n\t\t\t\t<\/div>\n\t\t<div class=\"elementor-element elementor-element-df763be e-con-full e-flex e-con e-child\" data-id=\"df763be\" data-element_type=\"container\" data-e-type=\"container\">\n\t\t\t\t<div class=\"elementor-element elementor-element-260adf5 elementor-widget elementor-widget-image\" data-id=\"260adf5\" data-element_type=\"widget\" data-e-type=\"widget\" data-widget_type=\"image.default\">\n\t\t\t\t<div class=\"elementor-widget-container\">\n\t\t\t\t\t\t\t\t\t\t\t\t\t\t\t<img decoding=\"async\" src=\"https:\/\/sosyete.de\/wp-content\/uploads\/TORS8303.jpg\" title=\"TORS8303\" alt=\"Sosyete Hochzeitssaal M\u00fcnchen www.sosyete.de 01777889020  #sosyete #sosyetehochzeitssaal #d\u00fcg\u00fcn #hochzeit #m\u00fcnchencity #hochzeitssaalm\u00fcnchen #eventplanner #hochzeitstorte #hochzeitsdeko #hochzeit #d\u00fcg\u00fcnorganizasyon #orkestra #m\u00fcnih #starnberg #dachau #oberschlei\u00dfheim #event #eventcenter #hochzeitsplanung #sosyete.de #eventlocationoberschleissheim #hochzeitssaaldachau\" loading=\"lazy\" \/>\t\t\t\t\t\t\t\t\t\t\t\t\t\t\t<\/div>\n\t\t\t\t<\/div>\n\t\t\t\t<div class=\"elementor-element elementor-element-2145bf9 elementor-widget elementor-widget-icon-box\" data-id=\"2145bf9\" data-element_type=\"widget\" data-e-type=\"widget\" data-widget_type=\"icon-box.default\">\n\t\t\t\t<div class=\"elementor-widget-container\">\n\t\t\t\t\t\t\t<div class=\"elementor-icon-box-wrapper\">\n\n\t\t\t\n\t\t\t\t\t\t<div class=\"elementor-icon-box-content\">\n\n\t\t\t\t\t\t\t\t\t<h3 class=\"elementor-icon-box-title\">\n\t\t\t\t\t\t<span  >\n\t\t\t\t\t\t\tCandyBar\t\t\t\t\t\t<\/span>\n\t\t\t\t\t<\/h3>\n\t\t\t\t\n\t\t\t\t\t\t\t\t\t<p class=\"elementor-icon-box-description\">\n\t\t\t\t\t\tDer Zuckerb\u00e4cker \u2013 Gef\u00fcllte Candybar mit S\u00fc\u00dfigkeiten f\u00fcr jeden Anlass: ob Hochzeit, Geburtstag, Firmenfeier, Taufe, Einschulung und vieles mehr.\t\t\t\t\t<\/p>\n\t\t\t\t\n\t\t\t<\/div>\n\t\t\t\n\t\t<\/div>\n\t\t\t\t\t\t<\/div>\n\t\t\t\t<\/div>\n\t\t\t\t<div class=\"elementor-element elementor-element-c8186ec elementor-align-center elementor-widget elementor-widget-button\" data-id=\"c8186ec\" data-element_type=\"widget\" data-e-type=\"widget\" data-widget_type=\"button.default\">\n\t\t\t\t<div class=\"elementor-widget-container\">\n\t\t\t\t\t\t\t\t\t<div class=\"elementor-button-wrapper\">\n\t\t\t\t\t<a class=\"elementor-button elementor-button-link elementor-size-sm\" href=\"https:\/\/sosyete.de\/tr\/candybar\/\">\n\t\t\t\t\t\t<span class=\"elementor-button-content-wrapper\">\n\t\t\t\t\t\t\t\t\t<span class=\"elementor-button-text\">Fotos ansehen<\/span>\n\t\t\t\t\t<\/span>\n\t\t\t\t\t<\/a>\n\t\t\t\t<\/div>\n\t\t\t\t\t\t\t\t<\/div>\n\t\t\t\t<\/div>\n\t\t\t\t<\/div>\n\t\t\t\t\t<\/div>\n\t\t\t\t<\/div>\n\t\t\t\t<\/div>","protected":false},"excerpt":{"rendered":"<p>Dekor Stilvolle Dekoration f\u00fcr deine Hochzeit \u2013 von eleganten Tischarrangements bis hin zu romantischen Highlights f\u00fcr eine unvergessliche Atmosph\u00e4re. Fotos ansehen CandyBar Der Zuckerb\u00e4cker \u2013 Gef\u00fcllte Candybar mit S\u00fc\u00dfigkeiten f\u00fcr jeden Anlass: ob Hochzeit, Geburtstag, Firmenfeier, Taufe, Einschulung und vieles mehr. Fotos ansehen<\/p>","protected":false},"author":1,"featured_media":0,"parent":0,"menu_order":0,"comment_status":"closed","ping_status":"closed","template":"","meta":{"footnotes":""},"class_list":["post-850","page","type-page","status-publish"],"yoast_head":"<!-- This site is optimized with the Yoast SEO plugin v27.5 - https:\/\/yoast.com\/product\/yoast-seo-wordpress\/ -->\n<title>Galerie - Sosyete<\/title>\n<meta name=\"robots\" content=\"index, follow, max-snippet:-1, max-image-preview:large, max-video-preview:-1\" \/>\n<link rel=\"canonical\" href=\"https:\/\/sosyete.de\/tr\/galerie\/\" \/>\n<meta property=\"og:locale\" content=\"tr_TR\" \/>\n<meta property=\"og:type\" content=\"article\" \/>\n<meta property=\"og:title\" content=\"Galerie - Sosyete\" \/>\n<meta property=\"og:description\" content=\"Dekor Stilvolle Dekoration f\u00fcr deine Hochzeit \u2013 von eleganten Tischarrangements bis hin zu romantischen Highlights f\u00fcr eine unvergessliche Atmosph\u00e4re. Fotos ansehen CandyBar Der Zuckerb\u00e4cker \u2013 Gef\u00fcllte Candybar mit S\u00fc\u00dfigkeiten f\u00fcr jeden Anlass: ob Hochzeit, Geburtstag, Firmenfeier, Taufe, Einschulung und vieles mehr. Fotos ansehen\" \/>\n<meta property=\"og:url\" content=\"https:\/\/sosyete.de\/tr\/galerie\/\" \/>\n<meta property=\"og:site_name\" content=\"Sosyete\" \/>\n<meta property=\"article:modified_time\" content=\"2025-02-07T09:36:33+00:00\" \/>\n<meta property=\"og:image\" content=\"https:\/\/sosyete.de\/wp-content\/uploads\/thumbnail_image1-2.jpg\" \/>\n<meta name=\"twitter:card\" content=\"summary_large_image\" \/>\n<meta name=\"twitter:label1\" content=\"Tahmini okuma s\u00fcresi\" \/>\n\t<meta name=\"twitter:data1\" content=\"1 dakika\" \/>\n<script type=\"application\/ld+json\" class=\"yoast-schema-graph\">{\"@context\":\"https:\\\/\\\/schema.org\",\"@graph\":[{\"@type\":\"WebPage\",\"@id\":\"https:\\\/\\\/sosyete.de\\\/galerie\\\/\",\"url\":\"https:\\\/\\\/sosyete.de\\\/galerie\\\/\",\"name\":\"Galerie - Sosyete\",\"isPartOf\":{\"@id\":\"https:\\\/\\\/sosyete.de\\\/#website\"},\"primaryImageOfPage\":{\"@id\":\"https:\\\/\\\/sosyete.de\\\/galerie\\\/#primaryimage\"},\"image\":{\"@id\":\"https:\\\/\\\/sosyete.de\\\/galerie\\\/#primaryimage\"},\"thumbnailUrl\":\"https:\\\/\\\/sosyete.de\\\/wp-content\\\/uploads\\\/thumbnail_image1-2.jpg\",\"datePublished\":\"2023-03-24T13:44:52+00:00\",\"dateModified\":\"2025-02-07T09:36:33+00:00\",\"breadcrumb\":{\"@id\":\"https:\\\/\\\/sosyete.de\\\/galerie\\\/#breadcrumb\"},\"inLanguage\":\"tr\",\"potentialAction\":[{\"@type\":\"ReadAction\",\"target\":[\"https:\\\/\\\/sosyete.de\\\/galerie\\\/\"]}]},{\"@type\":\"ImageObject\",\"inLanguage\":\"tr\",\"@id\":\"https:\\\/\\\/sosyete.de\\\/galerie\\\/#primaryimage\",\"url\":\"https:\\\/\\\/sosyete.de\\\/wp-content\\\/uploads\\\/thumbnail_image1-2.jpg\",\"contentUrl\":\"https:\\\/\\\/sosyete.de\\\/wp-content\\\/uploads\\\/thumbnail_image1-2.jpg\"},{\"@type\":\"BreadcrumbList\",\"@id\":\"https:\\\/\\\/sosyete.de\\\/galerie\\\/#breadcrumb\",\"itemListElement\":[{\"@type\":\"ListItem\",\"position\":1,\"name\":\"Home\",\"item\":\"https:\\\/\\\/sosyete.de\\\/\"},{\"@type\":\"ListItem\",\"position\":2,\"name\":\"Galerie\"}]},{\"@type\":\"WebSite\",\"@id\":\"https:\\\/\\\/sosyete.de\\\/#website\",\"url\":\"https:\\\/\\\/sosyete.de\\\/\",\"name\":\"Sosyete\",\"description\":\"Hochzeitsplanung &amp; Hochzeitssaal \\\/ Eventlocation \\\/ Hochzeitlocation\",\"potentialAction\":[{\"@type\":\"SearchAction\",\"target\":{\"@type\":\"EntryPoint\",\"urlTemplate\":\"https:\\\/\\\/sosyete.de\\\/?s={search_term_string}\"},\"query-input\":{\"@type\":\"PropertyValueSpecification\",\"valueRequired\":true,\"valueName\":\"search_term_string\"}}],\"inLanguage\":\"tr\"}]}<\/script>\n<!-- \/ Yoast SEO plugin. -->","yoast_head_json":{"title":"Galerie - Sosyete","robots":{"index":"index","follow":"follow","max-snippet":"max-snippet:-1","max-image-preview":"max-image-preview:large","max-video-preview":"max-video-preview:-1"},"canonical":"https:\/\/sosyete.de\/tr\/galerie\/","og_locale":"tr_TR","og_type":"article","og_title":"Galerie - Sosyete","og_description":"Dekor Stilvolle Dekoration f\u00fcr deine Hochzeit \u2013 von eleganten Tischarrangements bis hin zu romantischen Highlights f\u00fcr eine unvergessliche Atmosph\u00e4re. Fotos ansehen CandyBar Der Zuckerb\u00e4cker \u2013 Gef\u00fcllte Candybar mit S\u00fc\u00dfigkeiten f\u00fcr jeden Anlass: ob Hochzeit, Geburtstag, Firmenfeier, Taufe, Einschulung und vieles mehr. Fotos ansehen","og_url":"https:\/\/sosyete.de\/tr\/galerie\/","og_site_name":"Sosyete","article_modified_time":"2025-02-07T09:36:33+00:00","og_image":[{"url":"https:\/\/sosyete.de\/wp-content\/uploads\/thumbnail_image1-2.jpg","type":"","width":"","height":""}],"twitter_card":"summary_large_image","twitter_misc":{"Tahmini okuma s\u00fcresi":"1 dakika"},"schema":{"@context":"https:\/\/schema.org","@graph":[{"@type":"WebPage","@id":"https:\/\/sosyete.de\/galerie\/","url":"https:\/\/sosyete.de\/galerie\/","name":"Galerie - Sosyete","isPartOf":{"@id":"https:\/\/sosyete.de\/#website"},"primaryImageOfPage":{"@id":"https:\/\/sosyete.de\/galerie\/#primaryimage"},"image":{"@id":"https:\/\/sosyete.de\/galerie\/#primaryimage"},"thumbnailUrl":"https:\/\/sosyete.de\/wp-content\/uploads\/thumbnail_image1-2.jpg","datePublished":"2023-03-24T13:44:52+00:00","dateModified":"2025-02-07T09:36:33+00:00","breadcrumb":{"@id":"https:\/\/sosyete.de\/galerie\/#breadcrumb"},"inLanguage":"tr","potentialAction":[{"@type":"ReadAction","target":["https:\/\/sosyete.de\/galerie\/"]}]},{"@type":"ImageObject","inLanguage":"tr","@id":"https:\/\/sosyete.de\/galerie\/#primaryimage","url":"https:\/\/sosyete.de\/wp-content\/uploads\/thumbnail_image1-2.jpg","contentUrl":"https:\/\/sosyete.de\/wp-content\/uploads\/thumbnail_image1-2.jpg"},{"@type":"BreadcrumbList","@id":"https:\/\/sosyete.de\/galerie\/#breadcrumb","itemListElement":[{"@type":"ListItem","position":1,"name":"Home","item":"https:\/\/sosyete.de\/"},{"@type":"ListItem","position":2,"name":"Galerie"}]},{"@type":"WebSite","@id":"https:\/\/sosyete.de\/#website","url":"https:\/\/sosyete.de\/","name":"Sosyete","description":"Hochzeitsplanung &amp; Hochzeitssaal \/ Eventlocation \/ Hochzeitlocation","potentialAction":[{"@type":"SearchAction","target":{"@type":"EntryPoint","urlTemplate":"https:\/\/sosyete.de\/?s={search_term_string}"},"query-input":{"@type":"PropertyValueSpecification","valueRequired":true,"valueName":"search_term_string"}}],"inLanguage":"tr"}]}},"jetpack_sharing_enabled":true,"_links":{"self":[{"href":"https:\/\/sosyete.de\/tr\/wp-json\/wp\/v2\/pages\/850","targetHints":{"allow":["GET"]}}],"collection":[{"href":"https:\/\/sosyete.de\/tr\/wp-json\/wp\/v2\/pages"}],"about":[{"href":"https:\/\/sosyete.de\/tr\/wp-json\/wp\/v2\/types\/page"}],"author":[{"embeddable":true,"href":"https:\/\/sosyete.de\/tr\/wp-json\/wp\/v2\/users\/1"}],"replies":[{"embeddable":true,"href":"https:\/\/sosyete.de\/tr\/wp-json\/wp\/v2\/comments?post=850"}],"version-history":[{"count":66,"href":"https:\/\/sosyete.de\/tr\/wp-json\/wp\/v2\/pages\/850\/revisions"}],"predecessor-version":[{"id":1764,"href":"https:\/\/sosyete.de\/tr\/wp-json\/wp\/v2\/pages\/850\/revisions\/1764"}],"wp:attachment":[{"href":"https:\/\/sosyete.de\/tr\/wp-json\/wp\/v2\/media?parent=850"}],"curies":[{"name":"wp","href":"https:\/\/api.w.org\/{rel}","templated":true}]}}