{"id":47,"date":"2022-02-25T00:08:59","date_gmt":"2022-02-25T00:08:59","guid":{"rendered":"https:\/\/connections.wordifysites.com\/?page_id=47"},"modified":"2025-02-15T07:51:29","modified_gmt":"2025-02-15T07:51:29","slug":"locations","status":"publish","type":"page","link":"https:\/\/sosyete.de\/tr\/locations\/","title":{"rendered":"Salonlar"},"content":{"rendered":"<div data-elementor-type=\"wp-page\" data-elementor-id=\"47\" class=\"elementor elementor-47\" data-elementor-post-type=\"page\">\n\t\t\t\t<div class=\"elementor-element elementor-element-1fec6a77 e-con-full e-flex e-con e-parent\" data-id=\"1fec6a77\" data-element_type=\"container\" data-e-type=\"container\">\n\t\t\t\t<div class=\"elementor-element elementor-element-61333e91 elementor-widget elementor-widget-text-editor\" data-id=\"61333e91\" data-element_type=\"widget\" data-e-type=\"widget\" data-widget_type=\"text-editor.default\">\n\t\t\t\t<div class=\"elementor-widget-container\">\n\t\t\t\t\t\t\t\t\t<p><div class=\"gb-container gb-container-8998eddb\"><div class=\"gb-inside-container\"><\/p>\n<p><div class=\"gb-grid-wrapper gb-grid-wrapper-8c1f81ff\"><div class=\"gb-grid-column gb-grid-column-f95de792\"><div class=\"gb-container gb-container-f95de792\"><div class=\"gb-inside-container\"><div class=\"gb-container gb-container-0555d0ce\"><div class=\"gb-inside-container\"><\/div><\/div><div class=\"gb-container gb-container-4f6056ea\"><div class=\"gb-inside-container\"><\/p>\n<h3 class=\"gb-headline gb-headline-ce7817f7 gb-headline-text\">D\u00fc\u011f\u00fcnSalonu 1<\/h3>\n<p><\/p>\n<p class=\"gb-headline gb-headline-8e3c329e gb-headline-text\">Bis zu 250 Personen<\/p>\n<p><\/p>\n<p><\/div><\/div><div class=\"gb-container gb-container-e4b9a79a\"><\/p>\n<p><span style=\"color: #ff9900;\"><a class=\"gb-button gb-button-d4015bf2 gb-button-text\" style=\"color: #ff9900;\" href=\"https:\/\/sosyete.de\/tr\/locations\/hochzeitssaal-1\/\">Fotos ansehen<\/a><\/span><\/p>\n<p><\/div><\/div><\/div><\/div><div class=\"gb-grid-column gb-grid-column-11f8993b\"><div class=\"gb-container gb-container-11f8993b\"><div class=\"gb-inside-container\"><div class=\"gb-container gb-container-4421382f\"><div class=\"gb-inside-container\"><\/div><\/div><div class=\"gb-container gb-container-cc97d902\"><div class=\"gb-inside-container\"><\/p>\n<h3 class=\"gb-headline gb-headline-61dfcc38 gb-headline-text\">D\u00fc\u011f\u00fcnSalonu 2<\/h3>\n<p><\/p>\n<p class=\"gb-headline gb-headline-b79ce083 gb-headline-text\">Bis zu 350 Personen<\/p>\n<p><\/p>\n<p><\/div><\/div><\/p>\n<p><span style=\"color: #ff9900;\"><a class=\"gb-button gb-button-64687c18 gb-button-text\" style=\"color: #ff9900;\" href=\"https:\/\/sosyete.de\/tr\/locations\/hochzeitssaal-2\/\">Fotos ansehen<\/a><\/span><\/p>\n<p><\/div><\/div><\/div><div class=\"gb-grid-column gb-grid-column-55c46346\"><div class=\"gb-container gb-container-55c46346\"><div class=\"gb-inside-container\"><div class=\"gb-container gb-container-74927524\"><div class=\"gb-inside-container\"><\/p>\n<figure class=\"wp-block-image size-large is-resized\"><img fetchpriority=\"high\" decoding=\"async\" width=\"1024\" height=\"768\" class=\"wp-image-1443\" style=\"aspect-ratio: 4\/3; object-fit: cover; width: 439px; height: auto;\" src=\"https:\/\/sosyete.de\/wp-content\/uploads\/IMG_5467-1024x768.jpg\" alt=\"\" srcset=\"https:\/\/sosyete.de\/wp-content\/uploads\/IMG_5467-1024x768.jpg 1024w, https:\/\/sosyete.de\/wp-content\/uploads\/IMG_5467-300x225.jpg 300w, https:\/\/sosyete.de\/wp-content\/uploads\/IMG_5467-768x576.jpg 768w, https:\/\/sosyete.de\/wp-content\/uploads\/IMG_5467-1536x1152.jpg 1536w, https:\/\/sosyete.de\/wp-content\/uploads\/IMG_5467-2048x1536.jpg 2048w, https:\/\/sosyete.de\/wp-content\/uploads\/IMG_5467-16x12.jpg 16w\" sizes=\"(max-width: 1024px) 100vw, 1024px\" \/><\/figure>\n<p><\/div><\/div><div class=\"gb-container gb-container-a707fb4c\"><div class=\"gb-inside-container\"><\/p>\n<h3 class=\"gb-headline gb-headline-c06c3a6e gb-headline-text\">D\u00fc\u011f\u00fcnSalonu 3<\/h3>\n<p><\/p>\n<p class=\"gb-headline gb-headline-9b4ae7da gb-headline-text\">Bis zu 550 Personen<\/p>\n<p><\/p>\n<p><\/div><\/div><\/p>\n<p><span style=\"color: #ff9900;\"><a class=\"gb-button gb-button-dcb421c7 gb-button-text\" style=\"color: #ff9900;\" href=\"https:\/\/sosyete.de\/tr\/hochzeitssaal-3\/\">Fotos ansehen<\/a><\/span><\/p>\n<p><\/div><\/div><\/div><div class=\"gb-grid-column gb-grid-column-d73e1823\"><div class=\"gb-container gb-container-d73e1823\"><div class=\"gb-inside-container\"><div class=\"gb-container gb-container-753f9f32\"><div class=\"gb-inside-container\"><\/p>\n<figure class=\"wp-block-image size-large is-resized\"><img decoding=\"async\" width=\"1024\" height=\"237\" class=\"wp-image-1678\" style=\"aspect-ratio: 4\/3; object-fit: cover; width: 439px; height: auto;\" src=\"https:\/\/sosyete.de\/wp-content\/uploads\/IMG_5734-Kopie-1024x237.jpg\" alt=\"\" srcset=\"https:\/\/sosyete.de\/wp-content\/uploads\/IMG_5734-Kopie-1024x237.jpg 1024w, https:\/\/sosyete.de\/wp-content\/uploads\/IMG_5734-Kopie-300x69.jpg 300w, https:\/\/sosyete.de\/wp-content\/uploads\/IMG_5734-Kopie-768x178.jpg 768w, https:\/\/sosyete.de\/wp-content\/uploads\/IMG_5734-Kopie-1536x355.jpg 1536w, https:\/\/sosyete.de\/wp-content\/uploads\/IMG_5734-Kopie-2048x474.jpg 2048w, https:\/\/sosyete.de\/wp-content\/uploads\/IMG_5734-Kopie-18x4.jpg 18w\" sizes=\"(max-width: 1024px) 100vw, 1024px\" \/><\/figure>\n<p><\/div><\/div><div class=\"gb-container gb-container-4ee6a34c\"><div class=\"gb-inside-container\"><\/p>\n<h3 class=\"gb-headline gb-headline-70aca7b2 gb-headline-text\">D\u00fc\u011f\u00fcnSalonu 4<\/h3>\n<p><\/p>\n<p class=\"gb-headline gb-headline-55a1b76b gb-headline-text\">Bis zu 450 Personen<\/p>\n<p><\/p>\n<p><\/div><\/div><\/p>\n<p><span style=\"color: #ff9900;\"><a class=\"gb-button gb-button-f58c16cf gb-button-text\" style=\"color: #ff9900;\" href=\"https:\/\/sosyete.de\/tr\/hochzeitssaal-4\/\">Fotos ansehen<\/a><\/span><\/p>\n<p><\/div><\/div><\/div><\/div><\/div><\/div><div class=\"gb-container gb-container-c9e30f4b\"><div class=\"gb-inside-container\"><\/p>\n<h2 class=\"gb-headline gb-headline-38890868\"><span class=\"gb-headline-text\">Instagram<\/span><\/h2>\n<p><\/p>\n<h6 class=\"gb-headline gb-headline-43ebb151 gb-headline-text\"><em>@munihsosyete<\/em><\/h6>\n<p><div class=\"gb-grid-wrapper gb-grid-wrapper-2ce8a5b6\"><div class=\"gb-grid-column gb-grid-column-93e9727d\"><div class=\"gb-container gb-container-93e9727d\"><div class=\"gb-inside-container\"><\/div><\/div><\/div><div class=\"gb-grid-column gb-grid-column-3a9250d1\"><div class=\"gb-container gb-container-3a9250d1\"><div class=\"gb-inside-container\"><\/div><\/div><\/div><div class=\"gb-grid-column gb-grid-column-60ce0c13\"><div class=\"gb-container gb-container-60ce0c13\"><div class=\"gb-inside-container\"><\/div><\/div><\/div><div class=\"gb-grid-column gb-grid-column-46143732\"><div class=\"gb-container gb-container-46143732\"><div class=\"gb-inside-container\"><\/div><\/div><\/div><div class=\"gb-grid-column gb-grid-column-6758e9f7\"><div class=\"gb-container gb-container-6758e9f7\"><div class=\"gb-inside-container\"><\/div><\/div><\/div><div class=\"gb-grid-column gb-grid-column-d93ef8e7\"><div class=\"gb-container gb-container-d93ef8e7\"><div class=\"gb-inside-container\"><\/div><\/div><\/div><div class=\"gb-grid-column gb-grid-column-d696496a\"><div class=\"gb-container gb-container-d696496a\"><div class=\"gb-inside-container\"><\/div><\/div><\/div><div class=\"gb-grid-column gb-grid-column-513c4305\"><div class=\"gb-container gb-container-513c4305\"><div class=\"gb-inside-container\"><\/div><\/div><\/div><\/div><\/div><\/div><div class=\"gb-container gb-container-de309a0f\"><div class=\"gb-inside-container\"><\/p>\n<h2 class=\"gb-headline gb-headline-34a71d3a gb-headline-text\">Welche Location w\u00fcnscht du dir ?<\/h2>\n<p><\/p>\n<p class=\"gb-headline gb-headline-1569e07f gb-headline-text\">Wir finden die richtige Location f\u00fcr deinen unvergesslichen Moment.<\/p>\n<p><div class=\"gb-button-wrapper gb-button-wrapper-696e4747\"><\/p>\n<p><span style=\"color: #ff9900;\"><a class=\"gb-button gb-button-d638d432 gb-button-text\" style=\"color: #ff9900;\" href=\"https:\/\/sosyete.de\/tr\/kontakt\/\">Location anfragen<\/a><\/span><\/p>\n<p><\/div><\/div><\/div><\/p>\t\t\t\t\t\t\t\t<\/div>\n\t\t\t\t<\/div>\n\t\t\t\t<\/div>\n\t\t\t\t<\/div>","protected":false},"excerpt":{"rendered":"<p>Instagram @munihsosyete Welche Location w\u00fcnscht du dir ? Wir finden die richtige Location f\u00fcr deinen unvergesslichen Moment.<\/p>","protected":false},"author":1,"featured_media":0,"parent":0,"menu_order":0,"comment_status":"closed","ping_status":"closed","template":"","meta":{"footnotes":""},"class_list":["post-47","page","type-page","status-publish"],"yoast_head":"<!-- This site is optimized with the Yoast SEO plugin v27.5 - https:\/\/yoast.com\/product\/yoast-seo-wordpress\/ -->\n<title>Eventlocation M\u00fcnchen - Sosyete | Hochzeitssaal M\u00fcnchen | Jetzt Anfragen<\/title>\n<meta name=\"description\" content=\"Entdecke deine Eventlocation f\u00fcr deine Traumhochzeit in M\u00fcnchen. Hochzeitslocation M\u00fcnchen | Jetzt Anfragen | Tel.: 01777809020\" \/>\n<meta name=\"robots\" content=\"index, follow, max-snippet:-1, max-image-preview:large, max-video-preview:-1\" \/>\n<link rel=\"canonical\" href=\"https:\/\/sosyete.de\/tr\/locations\/\" \/>\n<meta property=\"og:locale\" content=\"tr_TR\" \/>\n<meta property=\"og:type\" content=\"article\" \/>\n<meta property=\"og:title\" content=\"Eventlocation M\u00fcnchen - Sosyete | Hochzeitssaal M\u00fcnchen | Jetzt Anfragen\" \/>\n<meta property=\"og:description\" content=\"Entdecke deine Eventlocation f\u00fcr deine Traumhochzeit in M\u00fcnchen. Hochzeitslocation M\u00fcnchen | Jetzt Anfragen | Tel.: 01777809020\" \/>\n<meta property=\"og:url\" content=\"https:\/\/sosyete.de\/tr\/locations\/\" \/>\n<meta property=\"og:site_name\" content=\"Sosyete\" \/>\n<meta property=\"article:modified_time\" content=\"2025-02-15T07:51:29+00:00\" \/>\n<meta property=\"og:image\" content=\"https:\/\/sosyete.de\/wp-content\/uploads\/IMG_5467-scaled.jpg\" \/>\n\t<meta property=\"og:image:width\" content=\"2560\" \/>\n\t<meta property=\"og:image:height\" content=\"1920\" \/>\n\t<meta property=\"og:image:type\" content=\"image\/jpeg\" \/>\n<meta name=\"twitter:card\" content=\"summary_large_image\" \/>\n<meta name=\"twitter:label1\" content=\"Tahmini okuma s\u00fcresi\" \/>\n\t<meta name=\"twitter:data1\" content=\"1 dakika\" \/>\n<script type=\"application\/ld+json\" class=\"yoast-schema-graph\">{\"@context\":\"https:\\\/\\\/schema.org\",\"@graph\":[{\"@type\":\"WebPage\",\"@id\":\"https:\\\/\\\/sosyete.de\\\/locations\\\/\",\"url\":\"https:\\\/\\\/sosyete.de\\\/locations\\\/\",\"name\":\"Eventlocation M\u00fcnchen - Sosyete | Hochzeitssaal M\u00fcnchen | Jetzt Anfragen\",\"isPartOf\":{\"@id\":\"https:\\\/\\\/sosyete.de\\\/#website\"},\"primaryImageOfPage\":{\"@id\":\"https:\\\/\\\/sosyete.de\\\/locations\\\/#primaryimage\"},\"image\":{\"@id\":\"https:\\\/\\\/sosyete.de\\\/locations\\\/#primaryimage\"},\"thumbnailUrl\":\"https:\\\/\\\/sosyete.de\\\/wp-content\\\/uploads\\\/IMG_5467-1024x768.jpg\",\"datePublished\":\"2022-02-25T00:08:59+00:00\",\"dateModified\":\"2025-02-15T07:51:29+00:00\",\"description\":\"Entdecke deine Eventlocation f\u00fcr deine Traumhochzeit in M\u00fcnchen. Hochzeitslocation M\u00fcnchen | Jetzt Anfragen | Tel.: 01777809020\",\"breadcrumb\":{\"@id\":\"https:\\\/\\\/sosyete.de\\\/locations\\\/#breadcrumb\"},\"inLanguage\":\"tr\",\"potentialAction\":[{\"@type\":\"ReadAction\",\"target\":[\"https:\\\/\\\/sosyete.de\\\/locations\\\/\"]}]},{\"@type\":\"ImageObject\",\"inLanguage\":\"tr\",\"@id\":\"https:\\\/\\\/sosyete.de\\\/locations\\\/#primaryimage\",\"url\":\"https:\\\/\\\/sosyete.de\\\/wp-content\\\/uploads\\\/IMG_5467-1024x768.jpg\",\"contentUrl\":\"https:\\\/\\\/sosyete.de\\\/wp-content\\\/uploads\\\/IMG_5467-1024x768.jpg\"},{\"@type\":\"BreadcrumbList\",\"@id\":\"https:\\\/\\\/sosyete.de\\\/locations\\\/#breadcrumb\",\"itemListElement\":[{\"@type\":\"ListItem\",\"position\":1,\"name\":\"Home\",\"item\":\"https:\\\/\\\/sosyete.de\\\/\"},{\"@type\":\"ListItem\",\"position\":2,\"name\":\"Locations\"}]},{\"@type\":\"WebSite\",\"@id\":\"https:\\\/\\\/sosyete.de\\\/#website\",\"url\":\"https:\\\/\\\/sosyete.de\\\/\",\"name\":\"Sosyete\",\"description\":\"Hochzeitsplanung &amp; Hochzeitssaal \\\/ Eventlocation \\\/ Hochzeitlocation\",\"potentialAction\":[{\"@type\":\"SearchAction\",\"target\":{\"@type\":\"EntryPoint\",\"urlTemplate\":\"https:\\\/\\\/sosyete.de\\\/?s={search_term_string}\"},\"query-input\":{\"@type\":\"PropertyValueSpecification\",\"valueRequired\":true,\"valueName\":\"search_term_string\"}}],\"inLanguage\":\"tr\"}]}<\/script>\n<!-- \/ Yoast SEO plugin. -->","yoast_head_json":{"title":"Eventlocation M\u00fcnchen - Sosyete | Hochzeitssaal M\u00fcnchen | Jetzt Anfragen","description":"Entdecke deine Eventlocation f\u00fcr deine Traumhochzeit in M\u00fcnchen. Hochzeitslocation M\u00fcnchen | Jetzt Anfragen | Tel.: 01777809020","robots":{"index":"index","follow":"follow","max-snippet":"max-snippet:-1","max-image-preview":"max-image-preview:large","max-video-preview":"max-video-preview:-1"},"canonical":"https:\/\/sosyete.de\/tr\/locations\/","og_locale":"tr_TR","og_type":"article","og_title":"Eventlocation M\u00fcnchen - Sosyete | Hochzeitssaal M\u00fcnchen | Jetzt Anfragen","og_description":"Entdecke deine Eventlocation f\u00fcr deine Traumhochzeit in M\u00fcnchen. Hochzeitslocation M\u00fcnchen | Jetzt Anfragen | Tel.: 01777809020","og_url":"https:\/\/sosyete.de\/tr\/locations\/","og_site_name":"Sosyete","article_modified_time":"2025-02-15T07:51:29+00:00","og_image":[{"width":2560,"height":1920,"url":"https:\/\/sosyete.de\/wp-content\/uploads\/IMG_5467-scaled.jpg","type":"image\/jpeg"}],"twitter_card":"summary_large_image","twitter_misc":{"Tahmini okuma s\u00fcresi":"1 dakika"},"schema":{"@context":"https:\/\/schema.org","@graph":[{"@type":"WebPage","@id":"https:\/\/sosyete.de\/locations\/","url":"https:\/\/sosyete.de\/locations\/","name":"Eventlocation M\u00fcnchen - Sosyete | Hochzeitssaal M\u00fcnchen | Jetzt Anfragen","isPartOf":{"@id":"https:\/\/sosyete.de\/#website"},"primaryImageOfPage":{"@id":"https:\/\/sosyete.de\/locations\/#primaryimage"},"image":{"@id":"https:\/\/sosyete.de\/locations\/#primaryimage"},"thumbnailUrl":"https:\/\/sosyete.de\/wp-content\/uploads\/IMG_5467-1024x768.jpg","datePublished":"2022-02-25T00:08:59+00:00","dateModified":"2025-02-15T07:51:29+00:00","description":"Entdecke deine Eventlocation f\u00fcr deine Traumhochzeit in M\u00fcnchen. Hochzeitslocation M\u00fcnchen | Jetzt Anfragen | Tel.: 01777809020","breadcrumb":{"@id":"https:\/\/sosyete.de\/locations\/#breadcrumb"},"inLanguage":"tr","potentialAction":[{"@type":"ReadAction","target":["https:\/\/sosyete.de\/locations\/"]}]},{"@type":"ImageObject","inLanguage":"tr","@id":"https:\/\/sosyete.de\/locations\/#primaryimage","url":"https:\/\/sosyete.de\/wp-content\/uploads\/IMG_5467-1024x768.jpg","contentUrl":"https:\/\/sosyete.de\/wp-content\/uploads\/IMG_5467-1024x768.jpg"},{"@type":"BreadcrumbList","@id":"https:\/\/sosyete.de\/locations\/#breadcrumb","itemListElement":[{"@type":"ListItem","position":1,"name":"Home","item":"https:\/\/sosyete.de\/"},{"@type":"ListItem","position":2,"name":"Locations"}]},{"@type":"WebSite","@id":"https:\/\/sosyete.de\/#website","url":"https:\/\/sosyete.de\/","name":"Sosyete","description":"Hochzeitsplanung &amp; Hochzeitssaal \/ Eventlocation \/ Hochzeitlocation","potentialAction":[{"@type":"SearchAction","target":{"@type":"EntryPoint","urlTemplate":"https:\/\/sosyete.de\/?s={search_term_string}"},"query-input":{"@type":"PropertyValueSpecification","valueRequired":true,"valueName":"search_term_string"}}],"inLanguage":"tr"}]}},"jetpack_sharing_enabled":true,"_links":{"self":[{"href":"https:\/\/sosyete.de\/tr\/wp-json\/wp\/v2\/pages\/47","targetHints":{"allow":["GET"]}}],"collection":[{"href":"https:\/\/sosyete.de\/tr\/wp-json\/wp\/v2\/pages"}],"about":[{"href":"https:\/\/sosyete.de\/tr\/wp-json\/wp\/v2\/types\/page"}],"author":[{"embeddable":true,"href":"https:\/\/sosyete.de\/tr\/wp-json\/wp\/v2\/users\/1"}],"replies":[{"embeddable":true,"href":"https:\/\/sosyete.de\/tr\/wp-json\/wp\/v2\/comments?post=47"}],"version-history":[{"count":50,"href":"https:\/\/sosyete.de\/tr\/wp-json\/wp\/v2\/pages\/47\/revisions"}],"predecessor-version":[{"id":1776,"href":"https:\/\/sosyete.de\/tr\/wp-json\/wp\/v2\/pages\/47\/revisions\/1776"}],"wp:attachment":[{"href":"https:\/\/sosyete.de\/tr\/wp-json\/wp\/v2\/media?parent=47"}],"curies":[{"name":"wp","href":"https:\/\/api.w.org\/{rel}","templated":true}]}}