{"id":1724,"date":"2025-02-02T14:25:11","date_gmt":"2025-02-02T14:25:11","guid":{"rendered":"https:\/\/sosyete.de\/?page_id=1724"},"modified":"2025-03-18T11:47:33","modified_gmt":"2025-03-18T11:47:33","slug":"candybar","status":"publish","type":"page","link":"https:\/\/sosyete.de\/tr\/candybar\/","title":{"rendered":"CandyBar"},"content":{"rendered":"<div class=\"wp-block-jetpack-tiled-gallery aligncenter is-style-rectangular\"><div class=\"\"><div class=\"tiled-gallery__gallery\"><div class=\"tiled-gallery__row\"><div class=\"tiled-gallery__col\" style=\"flex-basis:25.00000%\"><figure class=\"tiled-gallery__item\"><img decoding=\"async\" srcset=\"https:\/\/i0.wp.com\/sosyete.de\/wp-content\/uploads\/DRTB4013-768x1024.jpg?strip=info&#038;w=600&#038;ssl=1 600w,https:\/\/i0.wp.com\/sosyete.de\/wp-content\/uploads\/DRTB4013-768x1024.jpg?strip=info&#038;w=900&#038;ssl=1 900w,https:\/\/i0.wp.com\/sosyete.de\/wp-content\/uploads\/DRTB4013-768x1024.jpg?strip=info&#038;w=1200&#038;ssl=1 1200w\" alt=\"\" data-height=\"1600\" data-id=\"1725\" data-link=\"https:\/\/sosyete.de\/?attachment_id=1725#main\" data-url=\"https:\/\/sosyete.de\/wp-content\/uploads\/DRTB4013-768x1024.jpg\" data-custom-link=\"\" data-width=\"1200\" src=\"https:\/\/i0.wp.com\/sosyete.de\/wp-content\/uploads\/DRTB4013-768x1024.jpg?ssl=1\" data-amp-layout=\"responsive\" tabindex=\"0\" role=\"button\" aria-label=\"Bild\u00a01 von 15 im Vollbildmodus \u00f6ffnen\"\/><\/figure><\/div><div class=\"tiled-gallery__col\" style=\"flex-basis:25.00000%\"><figure class=\"tiled-gallery__item\"><img decoding=\"async\" srcset=\"https:\/\/i0.wp.com\/sosyete.de\/wp-content\/uploads\/IXGR4809-768x1024.jpg?strip=info&#038;w=600&#038;ssl=1 600w,https:\/\/i0.wp.com\/sosyete.de\/wp-content\/uploads\/IXGR4809-768x1024.jpg?strip=info&#038;w=900&#038;ssl=1 900w,https:\/\/i0.wp.com\/sosyete.de\/wp-content\/uploads\/IXGR4809-768x1024.jpg?strip=info&#038;w=1200&#038;ssl=1 1200w\" alt=\"\" data-height=\"1600\" data-id=\"1727\" data-link=\"https:\/\/sosyete.de\/?attachment_id=1727#main\" data-url=\"https:\/\/sosyete.de\/wp-content\/uploads\/IXGR4809-768x1024.jpg\" data-custom-link=\"\" data-width=\"1200\" src=\"https:\/\/i0.wp.com\/sosyete.de\/wp-content\/uploads\/IXGR4809-768x1024.jpg?ssl=1\" data-amp-layout=\"responsive\" tabindex=\"0\" role=\"button\" aria-label=\"Bild\u00a02 von 15 im Vollbildmodus \u00f6ffnen\"\/><\/figure><\/div><div class=\"tiled-gallery__col\" style=\"flex-basis:25.00000%\"><figure class=\"tiled-gallery__item\"><img decoding=\"async\" srcset=\"https:\/\/i0.wp.com\/sosyete.de\/wp-content\/uploads\/LZLS5912-768x1024.jpg?strip=info&#038;w=600&#038;ssl=1 600w,https:\/\/i0.wp.com\/sosyete.de\/wp-content\/uploads\/LZLS5912-768x1024.jpg?strip=info&#038;w=900&#038;ssl=1 900w,https:\/\/i0.wp.com\/sosyete.de\/wp-content\/uploads\/LZLS5912-768x1024.jpg?strip=info&#038;w=1200&#038;ssl=1 1200w\" alt=\"\" data-height=\"1600\" data-id=\"1730\" data-link=\"https:\/\/sosyete.de\/?attachment_id=1730#main\" data-url=\"https:\/\/sosyete.de\/wp-content\/uploads\/LZLS5912-768x1024.jpg\" data-width=\"1200\" src=\"https:\/\/i0.wp.com\/sosyete.de\/wp-content\/uploads\/LZLS5912-768x1024.jpg?ssl=1\" data-amp-layout=\"responsive\" tabindex=\"0\" role=\"button\" aria-label=\"Bild\u00a03 von 15 im Vollbildmodus \u00f6ffnen\"\/><\/figure><\/div><div class=\"tiled-gallery__col\" style=\"flex-basis:25.00000%\"><figure class=\"tiled-gallery__item\"><img decoding=\"async\" srcset=\"https:\/\/i0.wp.com\/sosyete.de\/wp-content\/uploads\/MIFB4317-768x1024.jpg?strip=info&#038;w=600&#038;ssl=1 600w,https:\/\/i0.wp.com\/sosyete.de\/wp-content\/uploads\/MIFB4317-768x1024.jpg?strip=info&#038;w=900&#038;ssl=1 900w,https:\/\/i0.wp.com\/sosyete.de\/wp-content\/uploads\/MIFB4317-768x1024.jpg?strip=info&#038;w=1200&#038;ssl=1 1200w\" alt=\"\" data-height=\"1600\" data-id=\"1731\" data-link=\"https:\/\/sosyete.de\/?attachment_id=1731#main\" data-url=\"https:\/\/sosyete.de\/wp-content\/uploads\/MIFB4317-768x1024.jpg\" data-width=\"1200\" src=\"https:\/\/i0.wp.com\/sosyete.de\/wp-content\/uploads\/MIFB4317-768x1024.jpg?ssl=1\" data-amp-layout=\"responsive\" tabindex=\"0\" role=\"button\" aria-label=\"Bild\u00a04 von 15 im Vollbildmodus \u00f6ffnen\"\/><\/figure><\/div><\/div><div class=\"tiled-gallery__row\"><div class=\"tiled-gallery__col\" style=\"flex-basis:33.33333%\"><figure class=\"tiled-gallery__item\"><img decoding=\"async\" srcset=\"https:\/\/i0.wp.com\/sosyete.de\/wp-content\/uploads\/MMNP4339-768x1024.jpg?strip=info&#038;w=600&#038;ssl=1 600w,https:\/\/i0.wp.com\/sosyete.de\/wp-content\/uploads\/MMNP4339-768x1024.jpg?strip=info&#038;w=900&#038;ssl=1 900w,https:\/\/i0.wp.com\/sosyete.de\/wp-content\/uploads\/MMNP4339-768x1024.jpg?strip=info&#038;w=1200&#038;ssl=1 1200w\" alt=\"\" data-height=\"1600\" data-id=\"1732\" data-link=\"https:\/\/sosyete.de\/?attachment_id=1732#main\" data-url=\"https:\/\/sosyete.de\/wp-content\/uploads\/MMNP4339-768x1024.jpg\" data-width=\"1200\" src=\"https:\/\/i0.wp.com\/sosyete.de\/wp-content\/uploads\/MMNP4339-768x1024.jpg?ssl=1\" data-amp-layout=\"responsive\" tabindex=\"0\" role=\"button\" aria-label=\"Bild\u00a05 von 15 im Vollbildmodus \u00f6ffnen\"\/><\/figure><\/div><div class=\"tiled-gallery__col\" style=\"flex-basis:33.33333%\"><figure class=\"tiled-gallery__item\"><img decoding=\"async\" srcset=\"https:\/\/i0.wp.com\/sosyete.de\/wp-content\/uploads\/TORS8303-768x1024.jpg?strip=info&#038;w=600&#038;ssl=1 600w,https:\/\/i0.wp.com\/sosyete.de\/wp-content\/uploads\/TORS8303-768x1024.jpg?strip=info&#038;w=900&#038;ssl=1 900w,https:\/\/i0.wp.com\/sosyete.de\/wp-content\/uploads\/TORS8303-768x1024.jpg?strip=info&#038;w=1200&#038;ssl=1 1200w\" alt=\"\" data-height=\"1600\" data-id=\"1733\" data-link=\"https:\/\/sosyete.de\/?attachment_id=1733#main\" data-url=\"https:\/\/sosyete.de\/wp-content\/uploads\/TORS8303-768x1024.jpg\" data-width=\"1200\" src=\"https:\/\/i0.wp.com\/sosyete.de\/wp-content\/uploads\/TORS8303-768x1024.jpg?ssl=1\" data-amp-layout=\"responsive\" tabindex=\"0\" role=\"button\" aria-label=\"Bild\u00a06 von 15 im Vollbildmodus \u00f6ffnen\"\/><\/figure><\/div><div class=\"tiled-gallery__col\" style=\"flex-basis:33.33333%\"><figure class=\"tiled-gallery__item\"><img decoding=\"async\" srcset=\"https:\/\/i0.wp.com\/sosyete.de\/wp-content\/uploads\/ULDS3469-768x1024.jpg?strip=info&#038;w=600&#038;ssl=1 600w,https:\/\/i0.wp.com\/sosyete.de\/wp-content\/uploads\/ULDS3469-768x1024.jpg?strip=info&#038;w=900&#038;ssl=1 900w,https:\/\/i0.wp.com\/sosyete.de\/wp-content\/uploads\/ULDS3469-768x1024.jpg?strip=info&#038;w=1200&#038;ssl=1 1200w\" alt=\"\" data-height=\"1600\" data-id=\"1734\" data-link=\"https:\/\/sosyete.de\/?attachment_id=1734#main\" data-url=\"https:\/\/sosyete.de\/wp-content\/uploads\/ULDS3469-768x1024.jpg\" data-width=\"1200\" src=\"https:\/\/i0.wp.com\/sosyete.de\/wp-content\/uploads\/ULDS3469-768x1024.jpg?ssl=1\" data-amp-layout=\"responsive\" tabindex=\"0\" role=\"button\" aria-label=\"Bild\u00a07 von 15 im Vollbildmodus \u00f6ffnen\"\/><\/figure><\/div><\/div><div class=\"tiled-gallery__row\"><div class=\"tiled-gallery__col\" style=\"flex-basis:25.00000%\"><figure class=\"tiled-gallery__item\"><img decoding=\"async\" srcset=\"https:\/\/i0.wp.com\/sosyete.de\/wp-content\/uploads\/VRBX1092-768x1024.jpg?strip=info&#038;w=600&#038;ssl=1 600w,https:\/\/i0.wp.com\/sosyete.de\/wp-content\/uploads\/VRBX1092-768x1024.jpg?strip=info&#038;w=900&#038;ssl=1 900w,https:\/\/i0.wp.com\/sosyete.de\/wp-content\/uploads\/VRBX1092-768x1024.jpg?strip=info&#038;w=1200&#038;ssl=1 1200w\" alt=\"Sosyete Hochzeitssaal M\u00fcnchenwww.sosyete.de01777889020 #sosyete #sosyetehochzeitssaal #d\u00fcg\u00fcn #hochzeit #m\u00fcnchencity #hochzeitssaalm\u00fcnchen #eventplanner #hochzeitstorte #hochzeitsdeko #hochzeit #d\u00fcg\u00fcnorganizasyon #orkestra #m\u00fcnih #starnberg #dachau #oberschlei\u00dfheim #event #eventcenter #hochzeitsplanung #sosyete.de #eventlocationoberschleissheim #hochzeitssaaldachau\" data-height=\"1600\" data-id=\"1735\" data-link=\"https:\/\/sosyete.de\/?attachment_id=1735#main\" data-url=\"https:\/\/sosyete.de\/wp-content\/uploads\/VRBX1092-768x1024.jpg\" data-width=\"1200\" src=\"https:\/\/i0.wp.com\/sosyete.de\/wp-content\/uploads\/VRBX1092-768x1024.jpg?ssl=1\" data-amp-layout=\"responsive\" tabindex=\"0\" role=\"button\" aria-label=\"Bild\u00a08 von 15 im Vollbildmodus \u00f6ffnen\"\/><\/figure><\/div><div class=\"tiled-gallery__col\" style=\"flex-basis:25.00000%\"><figure class=\"tiled-gallery__item\"><img decoding=\"async\" srcset=\"https:\/\/i0.wp.com\/sosyete.de\/wp-content\/uploads\/ASDK4023-768x1024.jpg?strip=info&#038;w=600&#038;ssl=1 600w,https:\/\/i0.wp.com\/sosyete.de\/wp-content\/uploads\/ASDK4023-768x1024.jpg?strip=info&#038;w=900&#038;ssl=1 900w,https:\/\/i0.wp.com\/sosyete.de\/wp-content\/uploads\/ASDK4023-768x1024.jpg?strip=info&#038;w=1200&#038;ssl=1 1200w\" alt=\"\" data-height=\"1600\" data-id=\"1778\" data-link=\"https:\/\/sosyete.de\/candybar\/asdk4023\/#main\" data-url=\"https:\/\/sosyete.de\/wp-content\/uploads\/ASDK4023-768x1024.jpg\" data-width=\"1200\" src=\"https:\/\/i0.wp.com\/sosyete.de\/wp-content\/uploads\/ASDK4023-768x1024.jpg?ssl=1\" data-amp-layout=\"responsive\" tabindex=\"0\" role=\"button\" aria-label=\"Bild\u00a09 von 15 im Vollbildmodus \u00f6ffnen\"\/><\/figure><\/div><div class=\"tiled-gallery__col\" style=\"flex-basis:25.00000%\"><figure class=\"tiled-gallery__item\"><img decoding=\"async\" srcset=\"https:\/\/i0.wp.com\/sosyete.de\/wp-content\/uploads\/IOEE0396-768x1024.jpg?strip=info&#038;w=600&#038;ssl=1 600w,https:\/\/i0.wp.com\/sosyete.de\/wp-content\/uploads\/IOEE0396-768x1024.jpg?strip=info&#038;w=900&#038;ssl=1 900w,https:\/\/i0.wp.com\/sosyete.de\/wp-content\/uploads\/IOEE0396-768x1024.jpg?strip=info&#038;w=1200&#038;ssl=1 1200w\" alt=\"\" data-height=\"1600\" data-id=\"1784\" data-link=\"https:\/\/sosyete.de\/candybar\/ioee0396\/#main\" data-url=\"https:\/\/sosyete.de\/wp-content\/uploads\/IOEE0396-768x1024.jpg\" data-width=\"1200\" src=\"https:\/\/i0.wp.com\/sosyete.de\/wp-content\/uploads\/IOEE0396-768x1024.jpg?ssl=1\" data-amp-layout=\"responsive\" tabindex=\"0\" role=\"button\" aria-label=\"Bild\u00a010 von 15 im Vollbildmodus \u00f6ffnen\"\/><\/figure><\/div><div class=\"tiled-gallery__col\" style=\"flex-basis:25.00000%\"><figure class=\"tiled-gallery__item\"><img decoding=\"async\" srcset=\"https:\/\/i0.wp.com\/sosyete.de\/wp-content\/uploads\/LYAG5856-768x1024.jpg?strip=info&#038;w=600&#038;ssl=1 600w,https:\/\/i0.wp.com\/sosyete.de\/wp-content\/uploads\/LYAG5856-768x1024.jpg?strip=info&#038;w=900&#038;ssl=1 900w,https:\/\/i0.wp.com\/sosyete.de\/wp-content\/uploads\/LYAG5856-768x1024.jpg?strip=info&#038;w=1200&#038;ssl=1 1200w\" alt=\"\" data-height=\"1600\" data-id=\"1781\" data-link=\"https:\/\/sosyete.de\/candybar\/lyag5856\/#main\" data-url=\"https:\/\/sosyete.de\/wp-content\/uploads\/LYAG5856-768x1024.jpg\" data-width=\"1200\" src=\"https:\/\/i0.wp.com\/sosyete.de\/wp-content\/uploads\/LYAG5856-768x1024.jpg?ssl=1\" data-amp-layout=\"responsive\" tabindex=\"0\" role=\"button\" aria-label=\"Bild\u00a011 von 15 im Vollbildmodus \u00f6ffnen\"\/><\/figure><\/div><\/div><div class=\"tiled-gallery__row\"><div class=\"tiled-gallery__col\" style=\"flex-basis:37.16953%\"><figure class=\"tiled-gallery__item\"><img decoding=\"async\" srcset=\"https:\/\/i0.wp.com\/sosyete.de\/wp-content\/uploads\/SSSX8490-1024x768.jpg?strip=info&#038;w=600&#038;ssl=1 600w,https:\/\/i0.wp.com\/sosyete.de\/wp-content\/uploads\/SSSX8490-1024x768.jpg?strip=info&#038;w=900&#038;ssl=1 900w,https:\/\/i0.wp.com\/sosyete.de\/wp-content\/uploads\/SSSX8490-1024x768.jpg?strip=info&#038;w=1200&#038;ssl=1 1200w,https:\/\/i0.wp.com\/sosyete.de\/wp-content\/uploads\/SSSX8490-1024x768.jpg?strip=info&#038;w=1500&#038;ssl=1 1500w,https:\/\/i0.wp.com\/sosyete.de\/wp-content\/uploads\/SSSX8490-1024x768.jpg?strip=info&#038;w=1600&#038;ssl=1 1600w\" alt=\"\" data-height=\"1200\" data-id=\"1783\" data-link=\"https:\/\/sosyete.de\/candybar\/sssx8490\/#main\" data-url=\"https:\/\/sosyete.de\/wp-content\/uploads\/SSSX8490-1024x768.jpg\" data-width=\"1600\" src=\"https:\/\/i0.wp.com\/sosyete.de\/wp-content\/uploads\/SSSX8490-1024x768.jpg?ssl=1\" data-amp-layout=\"responsive\" tabindex=\"0\" role=\"button\" aria-label=\"Bild\u00a012 von 15 im Vollbildmodus \u00f6ffnen\"\/><\/figure><\/div><div class=\"tiled-gallery__col\" style=\"flex-basis:20.94349%\"><figure class=\"tiled-gallery__item\"><img decoding=\"async\" srcset=\"https:\/\/i0.wp.com\/sosyete.de\/wp-content\/uploads\/UFWE6991-768x1024.jpg?strip=info&#038;w=600&#038;ssl=1 600w,https:\/\/i0.wp.com\/sosyete.de\/wp-content\/uploads\/UFWE6991-768x1024.jpg?strip=info&#038;w=900&#038;ssl=1 900w,https:\/\/i0.wp.com\/sosyete.de\/wp-content\/uploads\/UFWE6991-768x1024.jpg?strip=info&#038;w=1200&#038;ssl=1 1200w\" alt=\"\" data-height=\"1600\" data-id=\"1780\" data-link=\"https:\/\/sosyete.de\/candybar\/ufwe6991\/#main\" data-url=\"https:\/\/sosyete.de\/wp-content\/uploads\/UFWE6991-768x1024.jpg\" data-width=\"1200\" src=\"https:\/\/i0.wp.com\/sosyete.de\/wp-content\/uploads\/UFWE6991-768x1024.jpg?ssl=1\" data-amp-layout=\"responsive\" tabindex=\"0\" role=\"button\" aria-label=\"Bild\u00a013 von 15 im Vollbildmodus \u00f6ffnen\"\/><\/figure><\/div><div class=\"tiled-gallery__col\" style=\"flex-basis:20.94349%\"><figure class=\"tiled-gallery__item\"><img decoding=\"async\" srcset=\"https:\/\/i0.wp.com\/sosyete.de\/wp-content\/uploads\/WMWF7894-768x1024.jpg?strip=info&#038;w=600&#038;ssl=1 600w,https:\/\/i0.wp.com\/sosyete.de\/wp-content\/uploads\/WMWF7894-768x1024.jpg?strip=info&#038;w=900&#038;ssl=1 900w,https:\/\/i0.wp.com\/sosyete.de\/wp-content\/uploads\/WMWF7894-768x1024.jpg?strip=info&#038;w=1200&#038;ssl=1 1200w\" alt=\"\" data-height=\"1600\" data-id=\"1779\" data-link=\"https:\/\/sosyete.de\/candybar\/wmwf7894\/#main\" data-url=\"https:\/\/sosyete.de\/wp-content\/uploads\/WMWF7894-768x1024.jpg\" data-width=\"1200\" src=\"https:\/\/i0.wp.com\/sosyete.de\/wp-content\/uploads\/WMWF7894-768x1024.jpg?ssl=1\" data-amp-layout=\"responsive\" tabindex=\"0\" role=\"button\" aria-label=\"Bild\u00a014 von 15 im Vollbildmodus \u00f6ffnen\"\/><\/figure><\/div><div class=\"tiled-gallery__col\" style=\"flex-basis:20.94349%\"><figure class=\"tiled-gallery__item\"><img decoding=\"async\" srcset=\"https:\/\/i0.wp.com\/sosyete.de\/wp-content\/uploads\/WMZW6567-768x1024.jpg?strip=info&#038;w=600&#038;ssl=1 600w,https:\/\/i0.wp.com\/sosyete.de\/wp-content\/uploads\/WMZW6567-768x1024.jpg?strip=info&#038;w=900&#038;ssl=1 900w,https:\/\/i0.wp.com\/sosyete.de\/wp-content\/uploads\/WMZW6567-768x1024.jpg?strip=info&#038;w=1200&#038;ssl=1 1200w\" alt=\"\" data-height=\"1600\" data-id=\"1782\" data-link=\"https:\/\/sosyete.de\/candybar\/wmzw6567\/#main\" data-url=\"https:\/\/sosyete.de\/wp-content\/uploads\/WMZW6567-768x1024.jpg\" data-width=\"1200\" src=\"https:\/\/i0.wp.com\/sosyete.de\/wp-content\/uploads\/WMZW6567-768x1024.jpg?ssl=1\" data-amp-layout=\"responsive\" tabindex=\"0\" role=\"button\" aria-label=\"Bild\u00a015 von 15 im Vollbildmodus \u00f6ffnen\"\/><\/figure><\/div><\/div><\/div><\/div><\/div>\n\n\n\n<p><\/p>","protected":false},"excerpt":{"rendered":"","protected":false},"author":1,"featured_media":0,"parent":0,"menu_order":0,"comment_status":"closed","ping_status":"closed","template":"","meta":{"footnotes":""},"class_list":["post-1724","page","type-page","status-publish"],"yoast_head":"<!-- This site is optimized with the Yoast SEO plugin v27.5 - https:\/\/yoast.com\/product\/yoast-seo-wordpress\/ -->\n<title>CandyBar - Sosyete<\/title>\n<meta name=\"robots\" content=\"index, follow, max-snippet:-1, max-image-preview:large, max-video-preview:-1\" \/>\n<link rel=\"canonical\" href=\"https:\/\/sosyete.de\/tr\/candybar\/\" \/>\n<meta property=\"og:locale\" content=\"tr_TR\" \/>\n<meta property=\"og:type\" content=\"article\" \/>\n<meta property=\"og:title\" content=\"CandyBar - Sosyete\" \/>\n<meta property=\"og:url\" content=\"https:\/\/sosyete.de\/tr\/candybar\/\" \/>\n<meta property=\"og:site_name\" content=\"Sosyete\" \/>\n<meta property=\"article:modified_time\" content=\"2025-03-18T11:47:33+00:00\" \/>\n<meta property=\"og:image\" content=\"https:\/\/i0.wp.com\/sosyete.de\/wp-content\/uploads\/DRTB4013-768x1024.jpg?ssl=1\" \/>\n<meta name=\"twitter:card\" content=\"summary_large_image\" \/>\n<meta name=\"twitter:label1\" content=\"Tahmini okuma s\u00fcresi\" \/>\n\t<meta name=\"twitter:data1\" content=\"3 dakika\" \/>\n<script type=\"application\/ld+json\" class=\"yoast-schema-graph\">{\"@context\":\"https:\\\/\\\/schema.org\",\"@graph\":[{\"@type\":\"WebPage\",\"@id\":\"https:\\\/\\\/sosyete.de\\\/candybar\\\/\",\"url\":\"https:\\\/\\\/sosyete.de\\\/candybar\\\/\",\"name\":\"CandyBar - Sosyete\",\"isPartOf\":{\"@id\":\"https:\\\/\\\/sosyete.de\\\/#website\"},\"primaryImageOfPage\":{\"@id\":\"https:\\\/\\\/sosyete.de\\\/candybar\\\/#primaryimage\"},\"image\":{\"@id\":\"https:\\\/\\\/sosyete.de\\\/candybar\\\/#primaryimage\"},\"thumbnailUrl\":\"https:\\\/\\\/i0.wp.com\\\/sosyete.de\\\/wp-content\\\/uploads\\\/DRTB4013-768x1024.jpg?ssl=1\",\"datePublished\":\"2025-02-02T14:25:11+00:00\",\"dateModified\":\"2025-03-18T11:47:33+00:00\",\"breadcrumb\":{\"@id\":\"https:\\\/\\\/sosyete.de\\\/candybar\\\/#breadcrumb\"},\"inLanguage\":\"tr\",\"potentialAction\":[{\"@type\":\"ReadAction\",\"target\":[\"https:\\\/\\\/sosyete.de\\\/candybar\\\/\"]}]},{\"@type\":\"ImageObject\",\"inLanguage\":\"tr\",\"@id\":\"https:\\\/\\\/sosyete.de\\\/candybar\\\/#primaryimage\",\"url\":\"https:\\\/\\\/i0.wp.com\\\/sosyete.de\\\/wp-content\\\/uploads\\\/DRTB4013-768x1024.jpg?ssl=1\",\"contentUrl\":\"https:\\\/\\\/i0.wp.com\\\/sosyete.de\\\/wp-content\\\/uploads\\\/DRTB4013-768x1024.jpg?ssl=1\"},{\"@type\":\"BreadcrumbList\",\"@id\":\"https:\\\/\\\/sosyete.de\\\/candybar\\\/#breadcrumb\",\"itemListElement\":[{\"@type\":\"ListItem\",\"position\":1,\"name\":\"Home\",\"item\":\"https:\\\/\\\/sosyete.de\\\/\"},{\"@type\":\"ListItem\",\"position\":2,\"name\":\"CandyBar\"}]},{\"@type\":\"WebSite\",\"@id\":\"https:\\\/\\\/sosyete.de\\\/#website\",\"url\":\"https:\\\/\\\/sosyete.de\\\/\",\"name\":\"Sosyete\",\"description\":\"Hochzeitsplanung &amp; Hochzeitssaal \\\/ Eventlocation \\\/ Hochzeitlocation\",\"potentialAction\":[{\"@type\":\"SearchAction\",\"target\":{\"@type\":\"EntryPoint\",\"urlTemplate\":\"https:\\\/\\\/sosyete.de\\\/?s={search_term_string}\"},\"query-input\":{\"@type\":\"PropertyValueSpecification\",\"valueRequired\":true,\"valueName\":\"search_term_string\"}}],\"inLanguage\":\"tr\"}]}<\/script>\n<!-- \/ Yoast SEO plugin. -->","yoast_head_json":{"title":"CandyBar - Sosyete","robots":{"index":"index","follow":"follow","max-snippet":"max-snippet:-1","max-image-preview":"max-image-preview:large","max-video-preview":"max-video-preview:-1"},"canonical":"https:\/\/sosyete.de\/tr\/candybar\/","og_locale":"tr_TR","og_type":"article","og_title":"CandyBar - Sosyete","og_url":"https:\/\/sosyete.de\/tr\/candybar\/","og_site_name":"Sosyete","article_modified_time":"2025-03-18T11:47:33+00:00","og_image":[{"url":"https:\/\/i0.wp.com\/sosyete.de\/wp-content\/uploads\/DRTB4013-768x1024.jpg?ssl=1","type":"","width":"","height":""}],"twitter_card":"summary_large_image","twitter_misc":{"Tahmini okuma s\u00fcresi":"3 dakika"},"schema":{"@context":"https:\/\/schema.org","@graph":[{"@type":"WebPage","@id":"https:\/\/sosyete.de\/candybar\/","url":"https:\/\/sosyete.de\/candybar\/","name":"CandyBar - Sosyete","isPartOf":{"@id":"https:\/\/sosyete.de\/#website"},"primaryImageOfPage":{"@id":"https:\/\/sosyete.de\/candybar\/#primaryimage"},"image":{"@id":"https:\/\/sosyete.de\/candybar\/#primaryimage"},"thumbnailUrl":"https:\/\/i0.wp.com\/sosyete.de\/wp-content\/uploads\/DRTB4013-768x1024.jpg?ssl=1","datePublished":"2025-02-02T14:25:11+00:00","dateModified":"2025-03-18T11:47:33+00:00","breadcrumb":{"@id":"https:\/\/sosyete.de\/candybar\/#breadcrumb"},"inLanguage":"tr","potentialAction":[{"@type":"ReadAction","target":["https:\/\/sosyete.de\/candybar\/"]}]},{"@type":"ImageObject","inLanguage":"tr","@id":"https:\/\/sosyete.de\/candybar\/#primaryimage","url":"https:\/\/i0.wp.com\/sosyete.de\/wp-content\/uploads\/DRTB4013-768x1024.jpg?ssl=1","contentUrl":"https:\/\/i0.wp.com\/sosyete.de\/wp-content\/uploads\/DRTB4013-768x1024.jpg?ssl=1"},{"@type":"BreadcrumbList","@id":"https:\/\/sosyete.de\/candybar\/#breadcrumb","itemListElement":[{"@type":"ListItem","position":1,"name":"Home","item":"https:\/\/sosyete.de\/"},{"@type":"ListItem","position":2,"name":"CandyBar"}]},{"@type":"WebSite","@id":"https:\/\/sosyete.de\/#website","url":"https:\/\/sosyete.de\/","name":"Sosyete","description":"Hochzeitsplanung &amp; Hochzeitssaal \/ Eventlocation \/ Hochzeitlocation","potentialAction":[{"@type":"SearchAction","target":{"@type":"EntryPoint","urlTemplate":"https:\/\/sosyete.de\/?s={search_term_string}"},"query-input":{"@type":"PropertyValueSpecification","valueRequired":true,"valueName":"search_term_string"}}],"inLanguage":"tr"}]}},"jetpack_sharing_enabled":true,"_links":{"self":[{"href":"https:\/\/sosyete.de\/tr\/wp-json\/wp\/v2\/pages\/1724","targetHints":{"allow":["GET"]}}],"collection":[{"href":"https:\/\/sosyete.de\/tr\/wp-json\/wp\/v2\/pages"}],"about":[{"href":"https:\/\/sosyete.de\/tr\/wp-json\/wp\/v2\/types\/page"}],"author":[{"embeddable":true,"href":"https:\/\/sosyete.de\/tr\/wp-json\/wp\/v2\/users\/1"}],"replies":[{"embeddable":true,"href":"https:\/\/sosyete.de\/tr\/wp-json\/wp\/v2\/comments?post=1724"}],"version-history":[{"count":2,"href":"https:\/\/sosyete.de\/tr\/wp-json\/wp\/v2\/pages\/1724\/revisions"}],"predecessor-version":[{"id":1786,"href":"https:\/\/sosyete.de\/tr\/wp-json\/wp\/v2\/pages\/1724\/revisions\/1786"}],"wp:attachment":[{"href":"https:\/\/sosyete.de\/tr\/wp-json\/wp\/v2\/media?parent=1724"}],"curies":[{"name":"wp","href":"https:\/\/api.w.org\/{rel}","templated":true}]}}